{"id":92,"date":"2019-11-01T15:52:38","date_gmt":"2019-11-01T14:52:38","guid":{"rendered":"http:\/\/stephaniemedieux.com\/?page_id=92"},"modified":"2024-02-23T13:50:11","modified_gmt":"2024-02-23T12:50:11","slug":"projets-speciaux","status":"publish","type":"page","link":"https:\/\/stephaniemedieux.com\/index.php\/projets-speciaux\/","title":{"rendered":"Projets sp\u00e9ciaux"},"content":{"rendered":"<p>[et_pb_section fb_built=\u00a0\u00bb1&Prime; disabled_on=\u00a0\u00bbon|off|off\u00a0\u00bb _builder_version=\u00a0\u00bb4.0.2&Prime; custom_margin=\u00a0\u00bb-3px|||||\u00a0\u00bb custom_padding=\u00a0\u00bb0px|||||\u00a0\u00bb][et_pb_row _builder_version=\u00a0\u00bb4.0.2&Prime; width=\u00a0\u00bb90.2%\u00a0\u00bb max_width=\u00a0\u00bb1940px\u00a0\u00bb max_height=\u00a0\u00bb947px\u00a0\u00bb custom_margin=\u00a0\u00bb|auto||80px||\u00a0\u00bb custom_padding=\u00a0\u00bb23px||14px|37px|false|false\u00a0\u00bb border_radii=\u00a0\u00bbon|1px|1px|1px|1px\u00a0\u00bb border_width_all=\u00a0\u00bb1px\u00a0\u00bb border_color_all=\u00a0\u00bbrgba(0,142,150,0.87)\u00a0\u00bb border_style_all=\u00a0\u00bbdotted\u00a0\u00bb][et_pb_column type=\u00a0\u00bb4_4&Prime; _builder_version=\u00a0\u00bb4.0.2&Prime;][et_pb_text _builder_version=\u00a0\u00bb4.0.2&Prime; text_font=\u00a0\u00bbArchivo||||||||\u00a0\u00bb text_text_color=\u00a0\u00bbrgba(0,142,150,0.87)\u00a0\u00bb text_font_size=\u00a0\u00bb25px\u00a0\u00bb text_letter_spacing=\u00a0\u00bb1px\u00a0\u00bb]<\/p>\n<p>Les projets sp\u00e9ciaux&#8230; <span style=\"color: #000000;\">entre cr\u00e9ation et id\u00e9es folles.<\/span><\/p>\n<p>[\/et_pb_text][\/et_pb_column][\/et_pb_row][et_pb_row column_structure=\u00a0\u00bb1_3,1_3,1_3&Prime; _builder_version=\u00a0\u00bb4.0.2&Prime; hover_enabled=\u00a0\u00bb0&Prime; disabled_on=\u00a0\u00bbon|on|off\u00a0\u00bb][et_pb_column type=\u00a0\u00bb1_3&Prime; _builder_version=\u00a0\u00bb4.0.2&Prime;][et_pb_image src=\u00a0\u00bbhttps:\/\/stephaniemedieux.com\/wp-content\/uploads\/2024\/02\/Affiches.jpg\u00a0\u00bb url=\u00a0\u00bbhttps:\/\/stephaniemedieux.com\/index.php\/affiches\/\u00a0\u00bb _builder_version=\u00a0\u00bb4.0.2&Prime; width=\u00a0\u00bb88.5%\u00a0\u00bb hover_enabled=\u00a0\u00bb0&Prime; box_shadow_style=\u00a0\u00bbpreset3&Prime; custom_margin=\u00a0\u00bb32px|||||\u00a0\u00bb][\/et_pb_image][et_pb_text _builder_version=\u00a0\u00bb4.0.2&Prime; text_font=\u00a0\u00bbArchivo||||||||\u00a0\u00bb text_text_color=\u00a0\u00bbrgba(0,142,150,0.87)\u00a0\u00bb text_font_size=\u00a0\u00bb20px\u00a0\u00bb custom_margin=\u00a0\u00bb||18px|||\u00a0\u00bb link_option_url=\u00a0\u00bbhttps:\/\/stephaniemedieux.com\/index.php\/affiches\/\u00a0\u00bb locked=\u00a0\u00bboff\u00a0\u00bb]<\/p>\n<p>Les Affiches<\/p>\n<p>[\/et_pb_text][et_pb_text _builder_version=\u00a0\u00bb4.0.2&Prime; text_font=\u00a0\u00bbArchivo||||||||\u00a0\u00bb locked=\u00a0\u00bboff\u00a0\u00bb]<\/p>\n<p>Offrez-vous (presque) un tableau\u2026 au prix d\u2019une affiche\u00a0!<br \/> D\u00e9couvrez 7 mod\u00e8les d\u2019affiches imprim\u00e9es \u00e0 partir des \u0153uvres originales de St\u00e9phanie M\u00e9dieux.<\/p>\n<p>[\/et_pb_text][\/et_pb_column][et_pb_column type=\u00a0\u00bb1_3&Prime; _builder_version=\u00a0\u00bb4.0.2&Prime;][et_pb_image src=\u00a0\u00bbhttps:\/\/stephaniemedieux.com\/wp-content\/uploads\/2024\/02\/Kimonos.jpg\u00a0\u00bb url=\u00a0\u00bbhttps:\/\/stephaniemedieux.com\/index.php\/les-kimonos-de-smx\/\u00a0\u00bb _builder_version=\u00a0\u00bb4.0.2&Prime; custom_margin=\u00a0\u00bb15px||21px||false|false\u00a0\u00bb hover_enabled=\u00a0\u00bb0&Prime;][\/et_pb_image][et_pb_text _builder_version=\u00a0\u00bb4.0.2&Prime; text_font=\u00a0\u00bbArchivo||||||||\u00a0\u00bb text_text_color=\u00a0\u00bbrgba(0,142,150,0.87)\u00a0\u00bb text_font_size=\u00a0\u00bb20px\u00a0\u00bb custom_margin=\u00a0\u00bb||18px|||\u00a0\u00bb link_option_url=\u00a0\u00bbhttps:\/\/stephaniemedieux.com\/index.php\/les-kimonos-de-smx\/\u00a0\u00bb locked=\u00a0\u00bboff\u00a0\u00bb]<\/p>\n<p>Les Kimonos de SMX<\/p>\n<p>[\/et_pb_text][et_pb_text _builder_version=\u00a0\u00bb4.0.2&Prime; text_font=\u00a0\u00bbArchivo||||||||\u00a0\u00bb locked=\u00a0\u00bboff\u00a0\u00bb]<\/p>\n<p><span>Il faut parfois bien peu de chose pour titiller l\u2019app\u00e9tit cr\u00e9atif d\u2019un artiste.<\/span><br \/> <span>C\u2019est le cas de ces Kimonos r\u00eav\u00e9s par SMX&#8230;<\/span><\/p>\n<p>[\/et_pb_text][\/et_pb_column][et_pb_column type=\u00a0\u00bb1_3&Prime; _builder_version=\u00a0\u00bb4.0.2&Prime;][et_pb_image src=\u00a0\u00bbhttps:\/\/stephaniemedieux.com\/wp-content\/uploads\/2019\/11\/Chien-Jaune.jpg\u00a0\u00bb url=\u00a0\u00bbhttps:\/\/stephaniemedieux.com\/index.php\/livre-pour-enfants\/\u00a0\u00bb _builder_version=\u00a0\u00bb4.0.2&Prime; hover_enabled=\u00a0\u00bb0&Prime;][\/et_pb_image][et_pb_text _builder_version=\u00a0\u00bb4.0.2&Prime; text_font=\u00a0\u00bbArchivo||||||||\u00a0\u00bb text_text_color=\u00a0\u00bbrgba(0,142,150,0.87)\u00a0\u00bb text_font_size=\u00a0\u00bb20px\u00a0\u00bb custom_margin=\u00a0\u00bb||18px|||\u00a0\u00bb link_option_url=\u00a0\u00bbhttps:\/\/stephaniemedieux.com\/index.php\/livre-pour-enfants\/\u00a0\u00bb locked=\u00a0\u00bboff\u00a0\u00bb]<\/p>\n<p>11 petits rois et un chien jaune<\/p>\n<p>[\/et_pb_text][et_pb_text _builder_version=\u00a0\u00bb4.0.2&Prime; text_font=\u00a0\u00bbArchivo||||||||\u00a0\u00bb width=\u00a0\u00bb90.3%\u00a0\u00bb link_option_url=\u00a0\u00bbhttps:\/\/stephaniemedieux.com\/index.php\/livre-pour-enfants\/\u00a0\u00bb locked=\u00a0\u00bboff\u00a0\u00bb]<\/p>\n<p>Un projet de livre pour enfants, construit \u00e0 partir de tableaux. Entre peinture et po\u00e9sie&#8230;<br \/> (Ah, et je cherche un \u00e9diteur !)\u00a0<img decoding=\"async\" src=\"https:\/\/stephaniemedieux.com\/wp-content\/themes\/Divi\/includes\/builder\/frontend-builder\/assets\/vendors\/plugins\/emoticons\/img\/smiley-embarassed.gif\" alt=\"embarassed\" \/><\/p>\n<p>[\/et_pb_text][\/et_pb_column][\/et_pb_row][\/et_pb_section][et_pb_section fb_built=\u00a0\u00bb1&Prime; disabled_on=\u00a0\u00bboff|on|on\u00a0\u00bb _builder_version=\u00a0\u00bb4.0.2&Prime; custom_margin=\u00a0\u00bb-3px|||||\u00a0\u00bb custom_padding=\u00a0\u00bb0px||13px|||\u00a0\u00bb][et_pb_row _builder_version=\u00a0\u00bb4.0.2&Prime; width=\u00a0\u00bb86.2%\u00a0\u00bb max_width=\u00a0\u00bb1940px\u00a0\u00bb max_height=\u00a0\u00bb947px\u00a0\u00bb custom_margin=\u00a0\u00bb|auto||38px||\u00a0\u00bb custom_padding=\u00a0\u00bb21px||14px|37px|false|false\u00a0\u00bb border_radii=\u00a0\u00bbon|1px|1px|1px|1px\u00a0\u00bb border_width_all=\u00a0\u00bb1px\u00a0\u00bb border_color_all=\u00a0\u00bbrgba(0,142,150,0.87)\u00a0\u00bb border_style_all=\u00a0\u00bbdotted\u00a0\u00bb][et_pb_column type=\u00a0\u00bb4_4&Prime; _builder_version=\u00a0\u00bb4.0.2&Prime;][et_pb_text _builder_version=\u00a0\u00bb4.0.2&Prime; text_font=\u00a0\u00bbArchivo||||||||\u00a0\u00bb text_text_color=\u00a0\u00bbrgba(0,142,150,0.87)\u00a0\u00bb text_font_size=\u00a0\u00bb18px\u00a0\u00bb text_letter_spacing=\u00a0\u00bb1px\u00a0\u00bb custom_margin=\u00a0\u00bb-8px|10px||-20px|false|false\u00a0\u00bb]<\/p>\n<p>Les projets sp\u00e9ciaux&#8230;<br \/><span style=\"color: #000000;\">entre cr\u00e9ation et id\u00e9es folles.<\/span><\/p>\n<p>[\/et_pb_text][\/et_pb_column][\/et_pb_row][et_pb_row column_structure=\u00a0\u00bb1_3,1_3,1_3&Prime; _builder_version=\u00a0\u00bb4.0.2&Prime; hover_enabled=\u00a0\u00bb0&Prime; locked=\u00a0\u00bboff\u00a0\u00bb disabled_on=\u00a0\u00bboff|off|on\u00a0\u00bb][et_pb_column type=\u00a0\u00bb1_3&Prime; _builder_version=\u00a0\u00bb4.0.2&Prime;][et_pb_image src=\u00a0\u00bbhttps:\/\/stephaniemedieux.com\/wp-content\/uploads\/2024\/02\/Affiches.jpg\u00a0\u00bb url=\u00a0\u00bbhttps:\/\/stephaniemedieux.com\/index.php\/affiches\/\u00a0\u00bb _builder_version=\u00a0\u00bb4.0.2&Prime; width=\u00a0\u00bb88.5%\u00a0\u00bb hover_enabled=\u00a0\u00bb0&Prime; box_shadow_style=\u00a0\u00bbpreset3&Prime; custom_margin=\u00a0\u00bb32px|||||\u00a0\u00bb][\/et_pb_image][et_pb_text _builder_version=\u00a0\u00bb4.0.2&Prime; text_font=\u00a0\u00bbArchivo||||||||\u00a0\u00bb text_text_color=\u00a0\u00bbrgba(0,142,150,0.87)\u00a0\u00bb text_font_size=\u00a0\u00bb20px\u00a0\u00bb custom_margin=\u00a0\u00bb||18px|||\u00a0\u00bb link_option_url=\u00a0\u00bbhttps:\/\/stephaniemedieux.com\/index.php\/affiches\/\u00a0\u00bb locked=\u00a0\u00bboff\u00a0\u00bb]<\/p>\n<p>Les Affiches<\/p>\n<p>[\/et_pb_text][et_pb_text _builder_version=\u00a0\u00bb4.0.2&Prime; text_font=\u00a0\u00bbArchivo||||||||\u00a0\u00bb locked=\u00a0\u00bboff\u00a0\u00bb]<\/p>\n<p>Offrez-vous (presque) un tableau\u2026 au prix d\u2019une affiche\u00a0!<br \/> D\u00e9couvrez 7 mod\u00e8les d\u2019affiches imprim\u00e9es \u00e0 partir des \u0153uvres originales de St\u00e9phanie M\u00e9dieux.<\/p>\n<p>[\/et_pb_text][\/et_pb_column][et_pb_column type=\u00a0\u00bb1_3&Prime; _builder_version=\u00a0\u00bb4.0.2&Prime;][et_pb_image src=\u00a0\u00bbhttps:\/\/stephaniemedieux.com\/wp-content\/uploads\/2024\/02\/Kimonos.jpg\u00a0\u00bb url=\u00a0\u00bbhttps:\/\/stephaniemedieux.com\/index.php\/les-kimonos-de-smx\/\u00a0\u00bb _builder_version=\u00a0\u00bb4.0.2&Prime; custom_margin=\u00a0\u00bb15px||21px||false|false\u00a0\u00bb hover_enabled=\u00a0\u00bb0&Prime;][\/et_pb_image][et_pb_text _builder_version=\u00a0\u00bb4.0.2&Prime; text_font=\u00a0\u00bbArchivo||||||||\u00a0\u00bb text_text_color=\u00a0\u00bbrgba(0,142,150,0.87)\u00a0\u00bb text_font_size=\u00a0\u00bb20px\u00a0\u00bb custom_margin=\u00a0\u00bb||18px|||\u00a0\u00bb link_option_url=\u00a0\u00bbhttps:\/\/stephaniemedieux.com\/index.php\/les-kimonos-de-smx\/\u00a0\u00bb locked=\u00a0\u00bboff\u00a0\u00bb]<\/p>\n<p>Les Kimonos de SMX<\/p>\n<p>[\/et_pb_text][et_pb_text _builder_version=\u00a0\u00bb4.0.2&Prime; text_font=\u00a0\u00bbArchivo||||||||\u00a0\u00bb locked=\u00a0\u00bboff\u00a0\u00bb]<\/p>\n<p><span>Il faut parfois bien peu de chose pour titiller l\u2019app\u00e9tit cr\u00e9atif d\u2019un artiste.<\/span><br \/> <span>C\u2019est le cas de ces Kimonos r\u00eav\u00e9s par SMX&#8230;<\/span><\/p>\n<p>[\/et_pb_text][\/et_pb_column][et_pb_column type=\u00a0\u00bb1_3&Prime; _builder_version=\u00a0\u00bb4.0.2&Prime;][et_pb_image src=\u00a0\u00bbhttps:\/\/stephaniemedieux.com\/wp-content\/uploads\/2019\/11\/Chien-Jaune.jpg\u00a0\u00bb url=\u00a0\u00bbhttps:\/\/stephaniemedieux.com\/index.php\/livre-pour-enfants\/\u00a0\u00bb _builder_version=\u00a0\u00bb4.0.2&Prime; hover_enabled=\u00a0\u00bb0&Prime;][\/et_pb_image][et_pb_text _builder_version=\u00a0\u00bb4.0.2&Prime; text_font=\u00a0\u00bbArchivo||||||||\u00a0\u00bb text_text_color=\u00a0\u00bbrgba(0,142,150,0.87)\u00a0\u00bb text_font_size=\u00a0\u00bb20px\u00a0\u00bb custom_margin=\u00a0\u00bb||18px|||\u00a0\u00bb link_option_url=\u00a0\u00bbhttps:\/\/stephaniemedieux.com\/index.php\/livre-pour-enfants\/\u00a0\u00bb locked=\u00a0\u00bboff\u00a0\u00bb]<\/p>\n<p>11 petits rois et un chien jaune<\/p>\n<p>[\/et_pb_text][et_pb_text _builder_version=\u00a0\u00bb4.0.2&Prime; text_font=\u00a0\u00bbArchivo||||||||\u00a0\u00bb width=\u00a0\u00bb90.3%\u00a0\u00bb link_option_url=\u00a0\u00bbhttps:\/\/stephaniemedieux.com\/index.php\/livre-pour-enfants\/\u00a0\u00bb locked=\u00a0\u00bboff\u00a0\u00bb]<\/p>\n<p>Un projet de livre pour enfants, construit \u00e0 partir de tableaux. Entre peinture et po\u00e9sie&#8230;<br \/> (Ah, et je cherche un \u00e9diteur !)\u00a0<img decoding=\"async\" src=\"https:\/\/stephaniemedieux.com\/wp-content\/themes\/Divi\/includes\/builder\/frontend-builder\/assets\/vendors\/plugins\/emoticons\/img\/smiley-embarassed.gif\" alt=\"embarassed\" \/><\/p>\n<p>[\/et_pb_text][\/et_pb_column][\/et_pb_row][\/et_pb_section]<\/p>\n","protected":false},"excerpt":{"rendered":"<p>Les projets sp\u00e9ciaux&#8230; entre cr\u00e9ation et id\u00e9es folles.Les AffichesOffrez-vous (presque) un tableau\u2026 au prix d\u2019une affiche\u00a0! D\u00e9couvrez 7 mod\u00e8les d\u2019affiches imprim\u00e9es \u00e0 partir des \u0153uvres originales de St\u00e9phanie M\u00e9dieux.Les Kimonos de SMXIl faut parfois bien peu de chose pour titiller l\u2019app\u00e9tit cr\u00e9atif d\u2019un artiste. C\u2019est le cas de ces Kimonos r\u00eav\u00e9s par SMX&#8230;11 petits rois [&hellip;]<\/p>\n","protected":false},"author":1,"featured_media":5435,"parent":0,"menu_order":0,"comment_status":"closed","ping_status":"closed","template":"","meta":{"_et_pb_use_builder":"on","_et_pb_old_content":"","_et_gb_content_width":"","footnotes":""},"class_list":["post-92","page","type-page","status-publish","has-post-thumbnail","hentry"],"yoast_head":"<!-- This site is optimized with the Yoast SEO plugin v22.6 - https:\/\/yoast.com\/wordpress\/plugins\/seo\/ -->\n<title>Projets sp\u00e9ciaux - St\u00e9phanie M\u00e9dieux<\/title>\n<meta name=\"description\" content=\"Affiches, kimonos, projet d&#039;\u00e9dition\u2026 Retrouvez tous les projets sp\u00e9ciaux de l&#039;artiste peintre St\u00e9phanie M\u00e9dieux\" \/>\n<meta name=\"robots\" content=\"index, follow, max-snippet:-1, max-image-preview:large, max-video-preview:-1\" \/>\n<link rel=\"canonical\" href=\"https:\/\/stephaniemedieux.com\/index.php\/projets-speciaux\/\" \/>\n<meta property=\"og:locale\" content=\"fr_FR\" \/>\n<meta property=\"og:type\" content=\"article\" \/>\n<meta property=\"og:title\" content=\"Projets sp\u00e9ciaux - St\u00e9phanie M\u00e9dieux\" \/>\n<meta property=\"og:description\" content=\"Affiches, kimonos, projet d&#039;\u00e9dition\u2026 Retrouvez tous les projets sp\u00e9ciaux de l&#039;artiste peintre St\u00e9phanie M\u00e9dieux\" \/>\n<meta property=\"og:url\" content=\"https:\/\/stephaniemedieux.com\/index.php\/projets-speciaux\/\" \/>\n<meta property=\"og:site_name\" content=\"St\u00e9phanie M\u00e9dieux\" \/>\n<meta property=\"article:publisher\" content=\"https:\/\/www.facebook.com\/stephaniemedieux\" \/>\n<meta property=\"article:modified_time\" content=\"2024-02-23T12:50:11+00:00\" \/>\n<meta property=\"og:image\" content=\"https:\/\/stephaniemedieux.com\/wp-content\/uploads\/2024\/02\/Kimonos.jpg\" \/>\n\t<meta property=\"og:image:width\" content=\"1000\" \/>\n\t<meta property=\"og:image:height\" content=\"800\" \/>\n\t<meta property=\"og:image:type\" content=\"image\/jpeg\" \/>\n<meta name=\"twitter:card\" content=\"summary_large_image\" \/>\n<meta name=\"twitter:label1\" content=\"Dur\u00e9e de lecture estim\u00e9e\" \/>\n\t<meta name=\"twitter:data1\" content=\"3 minutes\" \/>\n<script type=\"application\/ld+json\" class=\"yoast-schema-graph\">{\"@context\":\"https:\/\/schema.org\",\"@graph\":[{\"@type\":\"WebPage\",\"@id\":\"https:\/\/stephaniemedieux.com\/index.php\/projets-speciaux\/\",\"url\":\"https:\/\/stephaniemedieux.com\/index.php\/projets-speciaux\/\",\"name\":\"Projets sp\u00e9ciaux - St\u00e9phanie M\u00e9dieux\",\"isPartOf\":{\"@id\":\"https:\/\/stephaniemedieux.com\/#website\"},\"primaryImageOfPage\":{\"@id\":\"https:\/\/stephaniemedieux.com\/index.php\/projets-speciaux\/#primaryimage\"},\"image\":{\"@id\":\"https:\/\/stephaniemedieux.com\/index.php\/projets-speciaux\/#primaryimage\"},\"thumbnailUrl\":\"https:\/\/stephaniemedieux.com\/wp-content\/uploads\/2024\/02\/Kimonos.jpg\",\"datePublished\":\"2019-11-01T14:52:38+00:00\",\"dateModified\":\"2024-02-23T12:50:11+00:00\",\"description\":\"Affiches, kimonos, projet d'\u00e9dition\u2026 Retrouvez tous les projets sp\u00e9ciaux de l'artiste peintre St\u00e9phanie M\u00e9dieux\",\"breadcrumb\":{\"@id\":\"https:\/\/stephaniemedieux.com\/index.php\/projets-speciaux\/#breadcrumb\"},\"inLanguage\":\"fr-FR\",\"potentialAction\":[{\"@type\":\"ReadAction\",\"target\":[\"https:\/\/stephaniemedieux.com\/index.php\/projets-speciaux\/\"]}]},{\"@type\":\"ImageObject\",\"inLanguage\":\"fr-FR\",\"@id\":\"https:\/\/stephaniemedieux.com\/index.php\/projets-speciaux\/#primaryimage\",\"url\":\"https:\/\/stephaniemedieux.com\/wp-content\/uploads\/2024\/02\/Kimonos.jpg\",\"contentUrl\":\"https:\/\/stephaniemedieux.com\/wp-content\/uploads\/2024\/02\/Kimonos.jpg\",\"width\":1000,\"height\":800,\"caption\":\"Kimonos peints : un projet de St\u00e9phanie M\u00e9dieux artiste peintre\"},{\"@type\":\"BreadcrumbList\",\"@id\":\"https:\/\/stephaniemedieux.com\/index.php\/projets-speciaux\/#breadcrumb\",\"itemListElement\":[{\"@type\":\"ListItem\",\"position\":1,\"name\":\"Accueil\",\"item\":\"https:\/\/stephaniemedieux.com\/\"},{\"@type\":\"ListItem\",\"position\":2,\"name\":\"Projets sp\u00e9ciaux\"}]},{\"@type\":\"WebSite\",\"@id\":\"https:\/\/stephaniemedieux.com\/#website\",\"url\":\"https:\/\/stephaniemedieux.com\/\",\"name\":\"St\u00e9phanie M\u00e9dieux\",\"description\":\"R\u00e9inventons votre int\u00e9rieur ! D\u00e9co et Home-Staging\",\"publisher\":{\"@id\":\"https:\/\/stephaniemedieux.com\/#\/schema\/person\/cd8ef2f54353e8fe33f78aa572418d1f\"},\"potentialAction\":[{\"@type\":\"SearchAction\",\"target\":{\"@type\":\"EntryPoint\",\"urlTemplate\":\"https:\/\/stephaniemedieux.com\/?s={search_term_string}\"},\"query-input\":\"required name=search_term_string\"}],\"inLanguage\":\"fr-FR\"},{\"@type\":[\"Person\",\"Organization\"],\"@id\":\"https:\/\/stephaniemedieux.com\/#\/schema\/person\/cd8ef2f54353e8fe33f78aa572418d1f\",\"name\":\"St\u00e9phanie M\u00e9dieux\",\"image\":{\"@type\":\"ImageObject\",\"inLanguage\":\"fr-FR\",\"@id\":\"https:\/\/stephaniemedieux.com\/#\/schema\/person\/image\/\",\"url\":\"https:\/\/stephaniemedieux.com\/wp-content\/uploads\/2024\/02\/Moi-NetB.jpg\",\"contentUrl\":\"https:\/\/stephaniemedieux.com\/wp-content\/uploads\/2024\/02\/Moi-NetB.jpg\",\"width\":362,\"height\":619,\"caption\":\"St\u00e9phanie M\u00e9dieux\"},\"logo\":{\"@id\":\"https:\/\/stephaniemedieux.com\/#\/schema\/person\/image\/\"},\"description\":\"St\u00e9phanie M\u00e9dieux, artiste peintre, vit et travaille dans le Sud Ouest. Ses tableaux sont riches en couleurs et en d\u00e9calages qui restituent un imperceptible mouvement. Ils sont \u00e9galement marqu\u00e9s par la tauromachie qui a souvent inspir\u00e9 ses toiles.\",\"sameAs\":[\"https:\/\/stephaniemedieux.com\/\",\"https:\/\/www.facebook.com\/stephaniemedieux\",\"https:\/\/www.instagram.com\/stephaniemedieux\/\",\"https:\/\/www.linkedin.com\/in\/stphanie-medieux\/\"]}]}<\/script>\n<!-- \/ Yoast SEO plugin. -->","yoast_head_json":{"title":"Projets sp\u00e9ciaux - St\u00e9phanie M\u00e9dieux","description":"Affiches, kimonos, projet d'\u00e9dition\u2026 Retrouvez tous les projets sp\u00e9ciaux de l'artiste peintre St\u00e9phanie M\u00e9dieux","robots":{"index":"index","follow":"follow","max-snippet":"max-snippet:-1","max-image-preview":"max-image-preview:large","max-video-preview":"max-video-preview:-1"},"canonical":"https:\/\/stephaniemedieux.com\/index.php\/projets-speciaux\/","og_locale":"fr_FR","og_type":"article","og_title":"Projets sp\u00e9ciaux - St\u00e9phanie M\u00e9dieux","og_description":"Affiches, kimonos, projet d'\u00e9dition\u2026 Retrouvez tous les projets sp\u00e9ciaux de l'artiste peintre St\u00e9phanie M\u00e9dieux","og_url":"https:\/\/stephaniemedieux.com\/index.php\/projets-speciaux\/","og_site_name":"St\u00e9phanie M\u00e9dieux","article_publisher":"https:\/\/www.facebook.com\/stephaniemedieux","article_modified_time":"2024-02-23T12:50:11+00:00","og_image":[{"width":1000,"height":800,"url":"https:\/\/stephaniemedieux.com\/wp-content\/uploads\/2024\/02\/Kimonos.jpg","type":"image\/jpeg"}],"twitter_card":"summary_large_image","twitter_misc":{"Dur\u00e9e de lecture estim\u00e9e":"3 minutes"},"schema":{"@context":"https:\/\/schema.org","@graph":[{"@type":"WebPage","@id":"https:\/\/stephaniemedieux.com\/index.php\/projets-speciaux\/","url":"https:\/\/stephaniemedieux.com\/index.php\/projets-speciaux\/","name":"Projets sp\u00e9ciaux - St\u00e9phanie M\u00e9dieux","isPartOf":{"@id":"https:\/\/stephaniemedieux.com\/#website"},"primaryImageOfPage":{"@id":"https:\/\/stephaniemedieux.com\/index.php\/projets-speciaux\/#primaryimage"},"image":{"@id":"https:\/\/stephaniemedieux.com\/index.php\/projets-speciaux\/#primaryimage"},"thumbnailUrl":"https:\/\/stephaniemedieux.com\/wp-content\/uploads\/2024\/02\/Kimonos.jpg","datePublished":"2019-11-01T14:52:38+00:00","dateModified":"2024-02-23T12:50:11+00:00","description":"Affiches, kimonos, projet d'\u00e9dition\u2026 Retrouvez tous les projets sp\u00e9ciaux de l'artiste peintre St\u00e9phanie M\u00e9dieux","breadcrumb":{"@id":"https:\/\/stephaniemedieux.com\/index.php\/projets-speciaux\/#breadcrumb"},"inLanguage":"fr-FR","potentialAction":[{"@type":"ReadAction","target":["https:\/\/stephaniemedieux.com\/index.php\/projets-speciaux\/"]}]},{"@type":"ImageObject","inLanguage":"fr-FR","@id":"https:\/\/stephaniemedieux.com\/index.php\/projets-speciaux\/#primaryimage","url":"https:\/\/stephaniemedieux.com\/wp-content\/uploads\/2024\/02\/Kimonos.jpg","contentUrl":"https:\/\/stephaniemedieux.com\/wp-content\/uploads\/2024\/02\/Kimonos.jpg","width":1000,"height":800,"caption":"Kimonos peints : un projet de St\u00e9phanie M\u00e9dieux artiste peintre"},{"@type":"BreadcrumbList","@id":"https:\/\/stephaniemedieux.com\/index.php\/projets-speciaux\/#breadcrumb","itemListElement":[{"@type":"ListItem","position":1,"name":"Accueil","item":"https:\/\/stephaniemedieux.com\/"},{"@type":"ListItem","position":2,"name":"Projets sp\u00e9ciaux"}]},{"@type":"WebSite","@id":"https:\/\/stephaniemedieux.com\/#website","url":"https:\/\/stephaniemedieux.com\/","name":"St\u00e9phanie M\u00e9dieux","description":"R\u00e9inventons votre int\u00e9rieur ! D\u00e9co et Home-Staging","publisher":{"@id":"https:\/\/stephaniemedieux.com\/#\/schema\/person\/cd8ef2f54353e8fe33f78aa572418d1f"},"potentialAction":[{"@type":"SearchAction","target":{"@type":"EntryPoint","urlTemplate":"https:\/\/stephaniemedieux.com\/?s={search_term_string}"},"query-input":"required name=search_term_string"}],"inLanguage":"fr-FR"},{"@type":["Person","Organization"],"@id":"https:\/\/stephaniemedieux.com\/#\/schema\/person\/cd8ef2f54353e8fe33f78aa572418d1f","name":"St\u00e9phanie M\u00e9dieux","image":{"@type":"ImageObject","inLanguage":"fr-FR","@id":"https:\/\/stephaniemedieux.com\/#\/schema\/person\/image\/","url":"https:\/\/stephaniemedieux.com\/wp-content\/uploads\/2024\/02\/Moi-NetB.jpg","contentUrl":"https:\/\/stephaniemedieux.com\/wp-content\/uploads\/2024\/02\/Moi-NetB.jpg","width":362,"height":619,"caption":"St\u00e9phanie M\u00e9dieux"},"logo":{"@id":"https:\/\/stephaniemedieux.com\/#\/schema\/person\/image\/"},"description":"St\u00e9phanie M\u00e9dieux, artiste peintre, vit et travaille dans le Sud Ouest. Ses tableaux sont riches en couleurs et en d\u00e9calages qui restituent un imperceptible mouvement. Ils sont \u00e9galement marqu\u00e9s par la tauromachie qui a souvent inspir\u00e9 ses toiles.","sameAs":["https:\/\/stephaniemedieux.com\/","https:\/\/www.facebook.com\/stephaniemedieux","https:\/\/www.instagram.com\/stephaniemedieux\/","https:\/\/www.linkedin.com\/in\/stphanie-medieux\/"]}]}},"_links":{"self":[{"href":"https:\/\/stephaniemedieux.com\/index.php\/wp-json\/wp\/v2\/pages\/92","targetHints":{"allow":["GET"]}}],"collection":[{"href":"https:\/\/stephaniemedieux.com\/index.php\/wp-json\/wp\/v2\/pages"}],"about":[{"href":"https:\/\/stephaniemedieux.com\/index.php\/wp-json\/wp\/v2\/types\/page"}],"author":[{"embeddable":true,"href":"https:\/\/stephaniemedieux.com\/index.php\/wp-json\/wp\/v2\/users\/1"}],"replies":[{"embeddable":true,"href":"https:\/\/stephaniemedieux.com\/index.php\/wp-json\/wp\/v2\/comments?post=92"}],"version-history":[{"count":67,"href":"https:\/\/stephaniemedieux.com\/index.php\/wp-json\/wp\/v2\/pages\/92\/revisions"}],"predecessor-version":[{"id":5439,"href":"https:\/\/stephaniemedieux.com\/index.php\/wp-json\/wp\/v2\/pages\/92\/revisions\/5439"}],"wp:featuredmedia":[{"embeddable":true,"href":"https:\/\/stephaniemedieux.com\/index.php\/wp-json\/wp\/v2\/media\/5435"}],"wp:attachment":[{"href":"https:\/\/stephaniemedieux.com\/index.php\/wp-json\/wp\/v2\/media?parent=92"}],"curies":[{"name":"wp","href":"https:\/\/api.w.org\/{rel}","templated":true}]}}