{"id":3731,"date":"2021-05-01T16:39:14","date_gmt":"2021-05-01T14:39:14","guid":{"rendered":"https:\/\/stephaniemedieux.com\/?page_id=3731"},"modified":"2021-10-17T23:02:14","modified_gmt":"2021-10-17T21:02:14","slug":"la-bonne-couleur","status":"publish","type":"page","link":"https:\/\/stephaniemedieux.com\/index.php\/la-bonne-couleur\/","title":{"rendered":"La couleur exacte"},"content":{"rendered":"<p>[et_pb_section fb_built=\u00a0\u00bb1&Prime; disabled_on=\u00a0\u00bbon|off|off\u00a0\u00bb _builder_version=\u00a0\u00bb4.0.2&Prime; custom_margin=\u00a0\u00bb-8px|||||\u00a0\u00bb custom_padding=\u00a0\u00bb4px||27px|||\u00a0\u00bb][et_pb_row _builder_version=\u00a0\u00bb4.0.2&Prime; width=\u00a0\u00bb85.8%\u00a0\u00bb max_width=\u00a0\u00bb1940px\u00a0\u00bb max_height=\u00a0\u00bb947px\u00a0\u00bb custom_margin=\u00a0\u00bb22px|auto||80px||\u00a0\u00bb custom_padding=\u00a0\u00bb33px||14px|37px|false|false\u00a0\u00bb border_radii=\u00a0\u00bbon|1px|1px|1px|1px\u00a0\u00bb border_width_all=\u00a0\u00bb1px\u00a0\u00bb border_color_all=\u00a0\u00bbrgba(0,142,150,0.87)\u00a0\u00bb border_style_all=\u00a0\u00bbdotted\u00a0\u00bb][et_pb_column type=\u00a0\u00bb4_4&Prime; _builder_version=\u00a0\u00bb4.0.2&Prime;][et_pb_text _builder_version=\u00a0\u00bb4.0.2&Prime; text_font=\u00a0\u00bbArchivo||||||||\u00a0\u00bb text_text_color=\u00a0\u00bbrgba(0,142,150,0.87)\u00a0\u00bb text_font_size=\u00a0\u00bb25px\u00a0\u00bb text_letter_spacing=\u00a0\u00bb1px\u00a0\u00bb custom_margin=\u00a0\u00bb-14px|||||\u00a0\u00bb]<\/p>\n<p>Conseil <span style=\"color: #000000;\">Couleur<\/span><\/p>\n<p>[\/et_pb_text][\/et_pb_column][\/et_pb_row][et_pb_row column_structure=\u00a0\u00bb3_4,1_4&Prime; _builder_version=\u00a0\u00bb4.0.2&Prime; width=\u00a0\u00bb97.9%\u00a0\u00bb max_width=\u00a0\u00bb1222px\u00a0\u00bb custom_margin=\u00a0\u00bb|auto||79px||\u00a0\u00bb custom_padding=\u00a0\u00bb36px|||||\u00a0\u00bb][et_pb_column type=\u00a0\u00bb3_4&Prime; _builder_version=\u00a0\u00bb4.0.2&Prime;][et_pb_text _builder_version=\u00a0\u00bb4.0.2&Prime; text_font=\u00a0\u00bbArchivo||||||||\u00a0\u00bb text_font_size=\u00a0\u00bb16px\u00a0\u00bb width=\u00a0\u00bb94.5%\u00a0\u00bb custom_margin=\u00a0\u00bb0px|||56px|false|false\u00a0\u00bb custom_padding=\u00a0\u00bb5px|5px||6px|false|false\u00a0\u00bb]<\/p>\n<h3><strong>Vous avez envie de changement ? Vous h\u00e9sitez sur la couleur \u00e0 choisir ?<\/strong><\/h3>\n<p>Mon expertise en mati\u00e8re de d\u00e9coration et de peinture me permet de vous accompagner pour choisir une couleur r\u00e9ellement adapt\u00e9e \u00e0 votre int\u00e9rieur. <strong>Des simulations vous sont au pr\u00e9alable pr\u00e9sent\u00e9es sur ordinateur.<\/strong><\/p>\n<p class=\"p1\"><strong><\/strong><\/p>\n<p>[\/et_pb_text][\/et_pb_column][et_pb_column type=\u00a0\u00bb1_4&Prime; _builder_version=\u00a0\u00bb4.0.2&Prime;][et_pb_button button_url=\u00a0\u00bbhttps:\/\/stephaniemedieux.com\/index.php\/contact\/\u00a0\u00bb button_text=\u00a0\u00bbPrendre RDV pour un Conseil Couleur\u00a0\u00bb button_alignment=\u00a0\u00bbcenter\u00a0\u00bb _builder_version=\u00a0\u00bb4.0.2&Prime; custom_margin=\u00a0\u00bb|67px||-39px|false|false\u00a0\u00bb animation_style=\u00a0\u00bbzoom\u00a0\u00bb box_shadow_style=\u00a0\u00bbpreset3&Prime;][\/et_pb_button][\/et_pb_column][\/et_pb_row][et_pb_row _builder_version=\u00a0\u00bb4.0.2&Prime; custom_margin=\u00a0\u00bb-43px|auto||auto||\u00a0\u00bb][et_pb_column type=\u00a0\u00bb4_4&Prime; _builder_version=\u00a0\u00bb4.0.2&Prime;][et_pb_text _builder_version=\u00a0\u00bb4.0.2&Prime; text_font_size=\u00a0\u00bb16px\u00a0\u00bb]<\/p>\n<h3><strong>Fonctionnement :<\/strong><\/h3>\n<p class=\"p1\">Lors d&rsquo;une visite \u00e0 votre domicile, nous \u00e9changeons ensemble sur vos attentes, vos go\u00fbts. Voir le reste de votre int\u00e9rieur est important pour une harmonie r\u00e9elle. 48 heures apr\u00e8s notre rencontre, vous recevrez les simulations faites par ordinateur.<\/p>\n<p class=\"p1\"><strong>Tarif : 140 \u20ac TTC<\/strong><\/p>\n<h3 class=\"p1\"><strong>Pour aller plus loin :<\/strong><\/h3>\n<p class=\"p1\">Je peux vous accompagner en magasin pour effectuer le choix final (tarif en fonction du lieu de d\u00e9placement).<\/p>\n<p>[\/et_pb_text][\/et_pb_column][\/et_pb_row][et_pb_row column_structure=\u00a0\u00bb1_2,1_2&Prime; _builder_version=\u00a0\u00bb4.0.2&Prime; custom_padding=\u00a0\u00bb3px|||||\u00a0\u00bb][et_pb_column type=\u00a0\u00bb1_2&Prime; _builder_version=\u00a0\u00bb4.0.2&Prime;][et_pb_text _builder_version=\u00a0\u00bb4.0.2&Prime; text_font=\u00a0\u00bbArchitects Daughter||||||||\u00a0\u00bb text_font_size=\u00a0\u00bb28px\u00a0\u00bb custom_margin=\u00a0\u00bb5px||||false|false\u00a0\u00bb custom_padding=\u00a0\u00bb9px||9px||false|false\u00a0\u00bb hover_enabled=\u00a0\u00bb0&Prime; border_style_top=\u00a0\u00bbdotted\u00a0\u00bb border_width_bottom=\u00a0\u00bb1px\u00a0\u00bb border_style_bottom=\u00a0\u00bbdotted\u00a0\u00bb locked=\u00a0\u00bboff\u00a0\u00bb link_option_url=\u00a0\u00bbhttps:\/\/stephaniemedieux.com\/index.php\/la-cuisine-de-dominique\/\u00a0\u00bb]<\/p>\n<p><span style=\"color: #008080;\">Un exemple : <span style=\"color: #000000;\">la cuisine de Dominique&#8230;<\/span><\/span><\/p>\n<p>[\/et_pb_text][et_pb_image src=\u00a0\u00bbhttps:\/\/stephaniemedieux.com\/wp-content\/uploads\/2021\/10\/Cuisine-G-et-D.jpg\u00a0\u00bb url=\u00a0\u00bbhttps:\/\/stephaniemedieux.com\/index.php\/la-cuisine-de-dominique\/\u00a0\u00bb _builder_version=\u00a0\u00bb4.0.2&Prime; custom_margin=\u00a0\u00bb||13px|||\u00a0\u00bb hover_enabled=\u00a0\u00bb0&Prime;][\/et_pb_image][et_pb_text _builder_version=\u00a0\u00bb4.0.2&Prime; text_font=\u00a0\u00bbArchivo||||||||\u00a0\u00bb text_font_size=\u00a0\u00bb16px\u00a0\u00bb link_option_url=\u00a0\u00bbhttps:\/\/stephaniemedieux.com\/index.php\/la-cuisine-de-dominique\/\u00a0\u00bb]<\/p>\n<p>D\u00e9couvrez le projet de cette cuisine Avant\/Apr\u00e8s<\/p>\n<p>[\/et_pb_text][\/et_pb_column][et_pb_column type=\u00a0\u00bb1_2&Prime; _builder_version=\u00a0\u00bb4.0.2&Prime;][et_pb_text _builder_version=\u00a0\u00bb4.0.2&Prime; text_font=\u00a0\u00bbArchitects Daughter||||||||\u00a0\u00bb text_font_size=\u00a0\u00bb28px\u00a0\u00bb custom_margin=\u00a0\u00bb5px||||false|false\u00a0\u00bb custom_padding=\u00a0\u00bb9px||9px||false|false\u00a0\u00bb link_option_url=\u00a0\u00bbhttps:\/\/stephaniemedieux.com\/index.php\/la-chambre-de-violette\/\u00a0\u00bb border_style_top=\u00a0\u00bbdotted\u00a0\u00bb border_width_bottom=\u00a0\u00bb1px\u00a0\u00bb border_style_bottom=\u00a0\u00bbdotted\u00a0\u00bb locked=\u00a0\u00bboff\u00a0\u00bb]<\/p>\n<p><span style=\"color: #008080;\">Un exemple : <span style=\"color: #000000;\">la chambre de Violette&#8230;<\/span><\/span><\/p>\n<p>[\/et_pb_text][et_pb_image src=\u00a0\u00bbhttps:\/\/stephaniemedieux.com\/wp-content\/uploads\/2021\/10\/Chambre-Av-Ap.jpg\u00a0\u00bb url=\u00a0\u00bbhttps:\/\/stephaniemedieux.com\/index.php\/la-chambre-de-violette\/\u00a0\u00bb _builder_version=\u00a0\u00bb4.0.2&Prime; width=\u00a0\u00bb89.6%\u00a0\u00bb][\/et_pb_image][et_pb_text _builder_version=\u00a0\u00bb4.0.2&Prime; text_font=\u00a0\u00bbArchivo||||||||\u00a0\u00bb text_font_size=\u00a0\u00bb16px\u00a0\u00bb link_option_url=\u00a0\u00bbhttps:\/\/stephaniemedieux.com\/index.php\/la-chambre-de-violette\/\u00a0\u00bb]<\/p>\n<p>D\u00e9couvrez le projet de la chambre Avant\/Apr\u00e8s<\/p>\n<p>[\/et_pb_text][\/et_pb_column][\/et_pb_row][\/et_pb_section][et_pb_section fb_built=\u00a0\u00bb1&Prime; disabled_on=\u00a0\u00bboff|on|on\u00a0\u00bb _builder_version=\u00a0\u00bb4.0.2&Prime; custom_margin=\u00a0\u00bb0px||3px||false|false\u00a0\u00bb custom_padding=\u00a0\u00bb2px||9px|||\u00a0\u00bb][et_pb_row _builder_version=\u00a0\u00bb4.0.2&Prime; width=\u00a0\u00bb90.2%\u00a0\u00bb max_width=\u00a0\u00bb1940px\u00a0\u00bb max_height=\u00a0\u00bb947px\u00a0\u00bb custom_margin=\u00a0\u00bb|auto||19px||\u00a0\u00bb custom_padding=\u00a0\u00bb21px||14px|37px|false|false\u00a0\u00bb border_radii=\u00a0\u00bbon|1px|1px|1px|1px\u00a0\u00bb border_width_all=\u00a0\u00bb1px\u00a0\u00bb border_color_all=\u00a0\u00bbrgba(0,142,150,0.87)\u00a0\u00bb border_style_all=\u00a0\u00bbdotted\u00a0\u00bb][et_pb_column type=\u00a0\u00bb4_4&Prime; _builder_version=\u00a0\u00bb4.0.2&Prime;][et_pb_text _builder_version=\u00a0\u00bb4.0.2&Prime; text_font=\u00a0\u00bbArchivo||||||||\u00a0\u00bb text_text_color=\u00a0\u00bbrgba(0,142,150,0.87)\u00a0\u00bb text_font_size=\u00a0\u00bb20px\u00a0\u00bb text_letter_spacing=\u00a0\u00bb1px\u00a0\u00bb custom_margin=\u00a0\u00bb||3px|-27px||\u00a0\u00bb]<\/p>\n<p style=\"text-align: center;\">Conseil <span style=\"color: #000000;\">Couleur<\/span><\/p>\n<p>[\/et_pb_text][\/et_pb_column][\/et_pb_row][et_pb_row _builder_version=\u00a0\u00bb4.0.2&Prime; width=\u00a0\u00bb91%\u00a0\u00bb max_width=\u00a0\u00bb1222px\u00a0\u00bb custom_margin=\u00a0\u00bb|auto||17px||\u00a0\u00bb custom_padding=\u00a0\u00bb14px||0px|||\u00a0\u00bb][et_pb_column type=\u00a0\u00bb4_4&Prime; _builder_version=\u00a0\u00bb4.0.2&Prime;][et_pb_text _builder_version=\u00a0\u00bb4.0.2&Prime; text_font=\u00a0\u00bbArchivo||||||||\u00a0\u00bb text_font_size=\u00a0\u00bb16px\u00a0\u00bb width=\u00a0\u00bb100%\u00a0\u00bb custom_margin=\u00a0\u00bb||10px|5px|false|false\u00a0\u00bb custom_padding=\u00a0\u00bb10px|10px|10px|10px|false|false\u00a0\u00bb]<\/p>\n<h4 style=\"text-align: center;\"><strong>Vous avez envie de changement ?<br \/> Vous h\u00e9sitez sur la couleur \u00e0 choisir ?<\/strong><\/h4>\n<p style=\"text-align: center;\">Mon expertise en mati\u00e8re de d\u00e9coration et de peinture me permet de vous accompagner pour choisir une couleur r\u00e9ellement adapt\u00e9e \u00e0 votre int\u00e9rieur. <strong>Des simulations vous sont au pr\u00e9alable pr\u00e9sent\u00e9es sur ordinateur.<\/strong><\/p>\n<h4 style=\"text-align: center;\"><strong>Fonctionnement :<\/strong><\/h4>\n<p class=\"p1\" style=\"text-align: center;\">Lors d&rsquo;une visite \u00e0 votre domicile, nous \u00e9changeons ensemble sur vos attentes, vos go\u00fbts. Voir le reste de votre int\u00e9rieur est important pour une harmonie r\u00e9elle.<br \/> <span style=\"color: #008080;\">48 heures apr\u00e8s notre rencontre, vous recevrez les simulations faites par ordinateur.<\/span><\/p>\n<p class=\"p1\" style=\"text-align: center;\"><strong>Tarif : 140 \u20ac<br \/> <\/strong><\/p>\n<h4 class=\"p1\" style=\"text-align: center;\"><strong>Pour aller plus loin :<\/strong><\/h4>\n<p class=\"p1\" style=\"text-align: center;\">Je peux vous accompagner en magasin pour effectuer le choix final (tarif en fonction du lieu de d\u00e9placement).<\/p>\n<p>[\/et_pb_text][et_pb_button button_url=\u00a0\u00bbhttps:\/\/stephaniemedieux.com\/index.php\/contact\/\u00a0\u00bb button_text=\u00a0\u00bbPrendre RDV pour un conseil couleur.\u00a0\u00bb button_alignment=\u00a0\u00bbcenter\u00a0\u00bb _builder_version=\u00a0\u00bb4.0.2&Prime; custom_margin=\u00a0\u00bb|34px||21px|false|false\u00a0\u00bb animation_style=\u00a0\u00bbzoom\u00a0\u00bb box_shadow_style=\u00a0\u00bbpreset3&Prime; locked=\u00a0\u00bboff\u00a0\u00bb][\/et_pb_button][\/et_pb_column][\/et_pb_row][et_pb_row column_structure=\u00a0\u00bb1_2,1_2&Prime; _builder_version=\u00a0\u00bb4.0.2&Prime; custom_padding=\u00a0\u00bb3px|||||\u00a0\u00bb locked=\u00a0\u00bboff\u00a0\u00bb][et_pb_column type=\u00a0\u00bb1_2&Prime; _builder_version=\u00a0\u00bb4.0.2&Prime;][et_pb_text _builder_version=\u00a0\u00bb4.0.2&Prime; text_font=\u00a0\u00bbArchitects Daughter||||||||\u00a0\u00bb text_font_size=\u00a0\u00bb28px\u00a0\u00bb custom_margin=\u00a0\u00bb5px||||false|false\u00a0\u00bb custom_padding=\u00a0\u00bb9px||9px||false|false\u00a0\u00bb hover_enabled=\u00a0\u00bb0&Prime; border_style_top=\u00a0\u00bbdotted\u00a0\u00bb border_width_bottom=\u00a0\u00bb1px\u00a0\u00bb border_style_bottom=\u00a0\u00bbdotted\u00a0\u00bb locked=\u00a0\u00bboff\u00a0\u00bb link_option_url=\u00a0\u00bbhttps:\/\/stephaniemedieux.com\/index.php\/la-cuisine-de-dominique\/\u00a0\u00bb]<\/p>\n<p style=\"text-align: center;\"><span style=\"color: #008080;\">Un exemple :<br \/> <span style=\"color: #000000;\">la cuisine de Dominique&#8230;<\/span><\/span><\/p>\n<p>[\/et_pb_text][et_pb_image src=\u00a0\u00bbhttps:\/\/stephaniemedieux.com\/wp-content\/uploads\/2021\/10\/Cuisine-G-et-D.jpg\u00a0\u00bb url=\u00a0\u00bbhttps:\/\/stephaniemedieux.com\/index.php\/la-cuisine-de-dominique\/\u00a0\u00bb _builder_version=\u00a0\u00bb4.0.2&Prime; custom_margin=\u00a0\u00bb||13px|||\u00a0\u00bb hover_enabled=\u00a0\u00bb0&Prime;][\/et_pb_image][et_pb_text _builder_version=\u00a0\u00bb4.0.2&Prime; text_font=\u00a0\u00bbArchivo||||||||\u00a0\u00bb text_font_size=\u00a0\u00bb16px\u00a0\u00bb link_option_url=\u00a0\u00bbhttps:\/\/stephaniemedieux.com\/index.php\/la-cuisine-de-dominique\/\u00a0\u00bb]<\/p>\n<p style=\"text-align: center;\">D\u00e9couvrez le projet de cette cuisine Avant\/Apr\u00e8s<\/p>\n<p>[\/et_pb_text][\/et_pb_column][et_pb_column type=\u00a0\u00bb1_2&Prime; _builder_version=\u00a0\u00bb4.0.2&Prime;][et_pb_text _builder_version=\u00a0\u00bb4.0.2&Prime; text_font=\u00a0\u00bbArchitects Daughter||||||||\u00a0\u00bb text_font_size=\u00a0\u00bb28px\u00a0\u00bb custom_margin=\u00a0\u00bb5px||||false|false\u00a0\u00bb custom_padding=\u00a0\u00bb9px||9px||false|false\u00a0\u00bb link_option_url=\u00a0\u00bbhttps:\/\/stephaniemedieux.com\/index.php\/la-chambre-de-violette\/\u00a0\u00bb border_style_top=\u00a0\u00bbdotted\u00a0\u00bb border_width_bottom=\u00a0\u00bb1px\u00a0\u00bb border_style_bottom=\u00a0\u00bbdotted\u00a0\u00bb locked=\u00a0\u00bboff\u00a0\u00bb]<\/p>\n<p style=\"text-align: center;\"><span style=\"color: #008080;\">Un exemple :<br \/> <span style=\"color: #000000;\">la chambre de Violette&#8230;<\/span><\/span><\/p>\n<p>[\/et_pb_text][et_pb_image src=\u00a0\u00bbhttps:\/\/stephaniemedieux.com\/wp-content\/uploads\/2021\/10\/Chambre-Av-Ap.jpg\u00a0\u00bb url=\u00a0\u00bbhttps:\/\/stephaniemedieux.com\/index.php\/la-chambre-de-violette\/\u00a0\u00bb _builder_version=\u00a0\u00bb4.0.2&Prime; width=\u00a0\u00bb89.6%\u00a0\u00bb custom_margin=\u00a0\u00bb||15px|||\u00a0\u00bb][\/et_pb_image][et_pb_text _builder_version=\u00a0\u00bb4.0.2&Prime; text_font=\u00a0\u00bbArchivo||||||||\u00a0\u00bb text_font_size=\u00a0\u00bb16px\u00a0\u00bb link_option_url=\u00a0\u00bbhttps:\/\/stephaniemedieux.com\/index.php\/la-chambre-de-violette\/\u00a0\u00bb]<\/p>\n<p style=\"text-align: center;\">D\u00e9couvrez le projet de la chambre Avant\/Apr\u00e8s<\/p>\n<p>[\/et_pb_text][\/et_pb_column][\/et_pb_row][\/et_pb_section]<\/p>\n","protected":false},"excerpt":{"rendered":"<p>Conseil CouleurVous avez envie de changement ? Vous h\u00e9sitez sur la couleur \u00e0 choisir ? Mon expertise en mati\u00e8re de d\u00e9coration et de peinture me permet de vous accompagner pour choisir une couleur r\u00e9ellement adapt\u00e9e \u00e0 votre int\u00e9rieur. Des simulations vous sont au pr\u00e9alable pr\u00e9sent\u00e9es sur ordinateur. Fonctionnement : Lors d&rsquo;une visite \u00e0 votre domicile, [&hellip;]<\/p>\n","protected":false},"author":1,"featured_media":0,"parent":0,"menu_order":0,"comment_status":"closed","ping_status":"closed","template":"","meta":{"_et_pb_use_builder":"on","_et_pb_old_content":"","_et_gb_content_width":"","footnotes":""},"class_list":["post-3731","page","type-page","status-publish","hentry"],"yoast_head":"<!-- This site is optimized with the Yoast SEO plugin v22.6 - https:\/\/yoast.com\/wordpress\/plugins\/seo\/ -->\n<title>La couleur exacte - St\u00e9phanie M\u00e9dieux<\/title>\n<meta name=\"robots\" content=\"index, follow, max-snippet:-1, max-image-preview:large, max-video-preview:-1\" \/>\n<link rel=\"canonical\" href=\"https:\/\/stephaniemedieux.com\/index.php\/la-bonne-couleur\/\" \/>\n<meta property=\"og:locale\" content=\"fr_FR\" \/>\n<meta property=\"og:type\" content=\"article\" \/>\n<meta property=\"og:title\" content=\"La couleur exacte - St\u00e9phanie M\u00e9dieux\" \/>\n<meta property=\"og:description\" content=\"Conseil CouleurVous avez envie de changement ? Vous h\u00e9sitez sur la couleur \u00e0 choisir ? Mon expertise en mati\u00e8re de d\u00e9coration et de peinture me permet de vous accompagner pour choisir une couleur r\u00e9ellement adapt\u00e9e \u00e0 votre int\u00e9rieur. Des simulations vous sont au pr\u00e9alable pr\u00e9sent\u00e9es sur ordinateur. Fonctionnement : Lors d&#039;une visite \u00e0 votre domicile, [&hellip;]\" \/>\n<meta property=\"og:url\" content=\"https:\/\/stephaniemedieux.com\/index.php\/la-bonne-couleur\/\" \/>\n<meta property=\"og:site_name\" content=\"St\u00e9phanie M\u00e9dieux\" \/>\n<meta property=\"article:publisher\" content=\"https:\/\/www.facebook.com\/stephaniemedieux\" \/>\n<meta property=\"article:modified_time\" content=\"2021-10-17T21:02:14+00:00\" \/>\n<meta name=\"twitter:card\" content=\"summary_large_image\" \/>\n<meta name=\"twitter:label1\" content=\"Dur\u00e9e de lecture estim\u00e9e\" \/>\n\t<meta name=\"twitter:data1\" content=\"6 minutes\" \/>\n<script type=\"application\/ld+json\" class=\"yoast-schema-graph\">{\"@context\":\"https:\/\/schema.org\",\"@graph\":[{\"@type\":\"WebPage\",\"@id\":\"https:\/\/stephaniemedieux.com\/index.php\/la-bonne-couleur\/\",\"url\":\"https:\/\/stephaniemedieux.com\/index.php\/la-bonne-couleur\/\",\"name\":\"La couleur exacte - St\u00e9phanie M\u00e9dieux\",\"isPartOf\":{\"@id\":\"https:\/\/stephaniemedieux.com\/#website\"},\"datePublished\":\"2021-05-01T14:39:14+00:00\",\"dateModified\":\"2021-10-17T21:02:14+00:00\",\"breadcrumb\":{\"@id\":\"https:\/\/stephaniemedieux.com\/index.php\/la-bonne-couleur\/#breadcrumb\"},\"inLanguage\":\"fr-FR\",\"potentialAction\":[{\"@type\":\"ReadAction\",\"target\":[\"https:\/\/stephaniemedieux.com\/index.php\/la-bonne-couleur\/\"]}]},{\"@type\":\"BreadcrumbList\",\"@id\":\"https:\/\/stephaniemedieux.com\/index.php\/la-bonne-couleur\/#breadcrumb\",\"itemListElement\":[{\"@type\":\"ListItem\",\"position\":1,\"name\":\"Accueil\",\"item\":\"https:\/\/stephaniemedieux.com\/\"},{\"@type\":\"ListItem\",\"position\":2,\"name\":\"La couleur exacte\"}]},{\"@type\":\"WebSite\",\"@id\":\"https:\/\/stephaniemedieux.com\/#website\",\"url\":\"https:\/\/stephaniemedieux.com\/\",\"name\":\"St\u00e9phanie M\u00e9dieux\",\"description\":\"R\u00e9inventons votre int\u00e9rieur ! D\u00e9co et Home-Staging\",\"publisher\":{\"@id\":\"https:\/\/stephaniemedieux.com\/#\/schema\/person\/cd8ef2f54353e8fe33f78aa572418d1f\"},\"potentialAction\":[{\"@type\":\"SearchAction\",\"target\":{\"@type\":\"EntryPoint\",\"urlTemplate\":\"https:\/\/stephaniemedieux.com\/?s={search_term_string}\"},\"query-input\":\"required name=search_term_string\"}],\"inLanguage\":\"fr-FR\"},{\"@type\":[\"Person\",\"Organization\"],\"@id\":\"https:\/\/stephaniemedieux.com\/#\/schema\/person\/cd8ef2f54353e8fe33f78aa572418d1f\",\"name\":\"St\u00e9phanie M\u00e9dieux\",\"image\":{\"@type\":\"ImageObject\",\"inLanguage\":\"fr-FR\",\"@id\":\"https:\/\/stephaniemedieux.com\/#\/schema\/person\/image\/\",\"url\":\"https:\/\/stephaniemedieux.com\/wp-content\/uploads\/2024\/02\/Moi-NetB.jpg\",\"contentUrl\":\"https:\/\/stephaniemedieux.com\/wp-content\/uploads\/2024\/02\/Moi-NetB.jpg\",\"width\":362,\"height\":619,\"caption\":\"St\u00e9phanie M\u00e9dieux\"},\"logo\":{\"@id\":\"https:\/\/stephaniemedieux.com\/#\/schema\/person\/image\/\"},\"description\":\"St\u00e9phanie M\u00e9dieux, artiste peintre, vit et travaille dans le Sud Ouest. Ses tableaux sont riches en couleurs et en d\u00e9calages qui restituent un imperceptible mouvement. Ils sont \u00e9galement marqu\u00e9s par la tauromachie qui a souvent inspir\u00e9 ses toiles.\",\"sameAs\":[\"https:\/\/stephaniemedieux.com\/\",\"https:\/\/www.facebook.com\/stephaniemedieux\",\"https:\/\/www.instagram.com\/stephaniemedieux\/\",\"https:\/\/www.linkedin.com\/in\/stphanie-medieux\/\"]}]}<\/script>\n<!-- \/ Yoast SEO plugin. -->","yoast_head_json":{"title":"La couleur exacte - St\u00e9phanie M\u00e9dieux","robots":{"index":"index","follow":"follow","max-snippet":"max-snippet:-1","max-image-preview":"max-image-preview:large","max-video-preview":"max-video-preview:-1"},"canonical":"https:\/\/stephaniemedieux.com\/index.php\/la-bonne-couleur\/","og_locale":"fr_FR","og_type":"article","og_title":"La couleur exacte - St\u00e9phanie M\u00e9dieux","og_description":"Conseil CouleurVous avez envie de changement ? Vous h\u00e9sitez sur la couleur \u00e0 choisir ? Mon expertise en mati\u00e8re de d\u00e9coration et de peinture me permet de vous accompagner pour choisir une couleur r\u00e9ellement adapt\u00e9e \u00e0 votre int\u00e9rieur. Des simulations vous sont au pr\u00e9alable pr\u00e9sent\u00e9es sur ordinateur. Fonctionnement : Lors d'une visite \u00e0 votre domicile, [&hellip;]","og_url":"https:\/\/stephaniemedieux.com\/index.php\/la-bonne-couleur\/","og_site_name":"St\u00e9phanie M\u00e9dieux","article_publisher":"https:\/\/www.facebook.com\/stephaniemedieux","article_modified_time":"2021-10-17T21:02:14+00:00","twitter_card":"summary_large_image","twitter_misc":{"Dur\u00e9e de lecture estim\u00e9e":"6 minutes"},"schema":{"@context":"https:\/\/schema.org","@graph":[{"@type":"WebPage","@id":"https:\/\/stephaniemedieux.com\/index.php\/la-bonne-couleur\/","url":"https:\/\/stephaniemedieux.com\/index.php\/la-bonne-couleur\/","name":"La couleur exacte - St\u00e9phanie M\u00e9dieux","isPartOf":{"@id":"https:\/\/stephaniemedieux.com\/#website"},"datePublished":"2021-05-01T14:39:14+00:00","dateModified":"2021-10-17T21:02:14+00:00","breadcrumb":{"@id":"https:\/\/stephaniemedieux.com\/index.php\/la-bonne-couleur\/#breadcrumb"},"inLanguage":"fr-FR","potentialAction":[{"@type":"ReadAction","target":["https:\/\/stephaniemedieux.com\/index.php\/la-bonne-couleur\/"]}]},{"@type":"BreadcrumbList","@id":"https:\/\/stephaniemedieux.com\/index.php\/la-bonne-couleur\/#breadcrumb","itemListElement":[{"@type":"ListItem","position":1,"name":"Accueil","item":"https:\/\/stephaniemedieux.com\/"},{"@type":"ListItem","position":2,"name":"La couleur exacte"}]},{"@type":"WebSite","@id":"https:\/\/stephaniemedieux.com\/#website","url":"https:\/\/stephaniemedieux.com\/","name":"St\u00e9phanie M\u00e9dieux","description":"R\u00e9inventons votre int\u00e9rieur ! D\u00e9co et Home-Staging","publisher":{"@id":"https:\/\/stephaniemedieux.com\/#\/schema\/person\/cd8ef2f54353e8fe33f78aa572418d1f"},"potentialAction":[{"@type":"SearchAction","target":{"@type":"EntryPoint","urlTemplate":"https:\/\/stephaniemedieux.com\/?s={search_term_string}"},"query-input":"required name=search_term_string"}],"inLanguage":"fr-FR"},{"@type":["Person","Organization"],"@id":"https:\/\/stephaniemedieux.com\/#\/schema\/person\/cd8ef2f54353e8fe33f78aa572418d1f","name":"St\u00e9phanie M\u00e9dieux","image":{"@type":"ImageObject","inLanguage":"fr-FR","@id":"https:\/\/stephaniemedieux.com\/#\/schema\/person\/image\/","url":"https:\/\/stephaniemedieux.com\/wp-content\/uploads\/2024\/02\/Moi-NetB.jpg","contentUrl":"https:\/\/stephaniemedieux.com\/wp-content\/uploads\/2024\/02\/Moi-NetB.jpg","width":362,"height":619,"caption":"St\u00e9phanie M\u00e9dieux"},"logo":{"@id":"https:\/\/stephaniemedieux.com\/#\/schema\/person\/image\/"},"description":"St\u00e9phanie M\u00e9dieux, artiste peintre, vit et travaille dans le Sud Ouest. Ses tableaux sont riches en couleurs et en d\u00e9calages qui restituent un imperceptible mouvement. Ils sont \u00e9galement marqu\u00e9s par la tauromachie qui a souvent inspir\u00e9 ses toiles.","sameAs":["https:\/\/stephaniemedieux.com\/","https:\/\/www.facebook.com\/stephaniemedieux","https:\/\/www.instagram.com\/stephaniemedieux\/","https:\/\/www.linkedin.com\/in\/stphanie-medieux\/"]}]}},"_links":{"self":[{"href":"https:\/\/stephaniemedieux.com\/index.php\/wp-json\/wp\/v2\/pages\/3731","targetHints":{"allow":["GET"]}}],"collection":[{"href":"https:\/\/stephaniemedieux.com\/index.php\/wp-json\/wp\/v2\/pages"}],"about":[{"href":"https:\/\/stephaniemedieux.com\/index.php\/wp-json\/wp\/v2\/types\/page"}],"author":[{"embeddable":true,"href":"https:\/\/stephaniemedieux.com\/index.php\/wp-json\/wp\/v2\/users\/1"}],"replies":[{"embeddable":true,"href":"https:\/\/stephaniemedieux.com\/index.php\/wp-json\/wp\/v2\/comments?post=3731"}],"version-history":[{"count":27,"href":"https:\/\/stephaniemedieux.com\/index.php\/wp-json\/wp\/v2\/pages\/3731\/revisions"}],"predecessor-version":[{"id":5124,"href":"https:\/\/stephaniemedieux.com\/index.php\/wp-json\/wp\/v2\/pages\/3731\/revisions\/5124"}],"wp:attachment":[{"href":"https:\/\/stephaniemedieux.com\/index.php\/wp-json\/wp\/v2\/media?parent=3731"}],"curies":[{"name":"wp","href":"https:\/\/api.w.org\/{rel}","templated":true}]}}