{"id":1462,"date":"2019-11-23T20:56:38","date_gmt":"2019-11-23T19:56:38","guid":{"rendered":"https:\/\/stephaniemedieux.com\/?page_id=1462"},"modified":"2019-11-23T22:04:33","modified_gmt":"2019-11-23T21:04:33","slug":"articles-la-depeche","status":"publish","type":"page","link":"https:\/\/stephaniemedieux.com\/index.php\/articles-la-depeche\/","title":{"rendered":"Articles La Depeche"},"content":{"rendered":"<p>[et_pb_section fb_built=\u00a0\u00bb1&Prime; _builder_version=\u00a0\u00bb4.0.2&Prime; custom_padding=\u00a0\u00bb7px|||||\u00a0\u00bb][et_pb_row disabled_on=\u00a0\u00bbon|on|off\u00a0\u00bb _builder_version=\u00a0\u00bb4.0.2&Prime; width=\u00a0\u00bb90.2%\u00a0\u00bb max_width=\u00a0\u00bb1940px\u00a0\u00bb max_height=\u00a0\u00bb947px\u00a0\u00bb custom_margin=\u00a0\u00bb|auto||80px||\u00a0\u00bb custom_padding=\u00a0\u00bb33px||14px|37px|false|false\u00a0\u00bb border_radii=\u00a0\u00bbon|1px|1px|1px|1px\u00a0\u00bb border_width_all=\u00a0\u00bb1px\u00a0\u00bb border_color_all=\u00a0\u00bbrgba(0,142,150,0.87)\u00a0\u00bb border_style_all=\u00a0\u00bbdotted\u00a0\u00bb][et_pb_column type=\u00a0\u00bb4_4&Prime; _builder_version=\u00a0\u00bb4.0.2&Prime;][et_pb_text _builder_version=\u00a0\u00bb4.0.2&Prime; text_font=\u00a0\u00bbArchivo||||||||\u00a0\u00bb text_text_color=\u00a0\u00bbrgba(0,142,150,0.87)\u00a0\u00bb text_font_size=\u00a0\u00bb25px\u00a0\u00bb text_letter_spacing=\u00a0\u00bb1px\u00a0\u00bb]<\/p>\n<p>Articles de La D\u00e9p\u00eache<\/p>\n<p>[\/et_pb_text][\/et_pb_column][\/et_pb_row][et_pb_row column_structure=\u00a0\u00bb1_2,1_2&Prime; disabled_on=\u00a0\u00bbon|on|off\u00a0\u00bb _builder_version=\u00a0\u00bb4.0.2&Prime; max_width=\u00a0\u00bb1312px\u00a0\u00bb custom_margin=\u00a0\u00bb|auto||182px||\u00a0\u00bb][et_pb_column type=\u00a0\u00bb1_2&Prime; _builder_version=\u00a0\u00bb4.0.2&Prime;][et_pb_image src=\u00a0\u00bbhttps:\/\/stephaniemedieux.com\/wp-content\/uploads\/2019\/11\/Balma-e1574374563387.jpg\u00a0\u00bb _builder_version=\u00a0\u00bb4.0.2&Prime; custom_margin=\u00a0\u00bb||-2px|||\u00a0\u00bb][\/et_pb_image][et_pb_text _builder_version=\u00a0\u00bb4.0.2&Prime; text_text_color=\u00a0\u00bb#000000&Prime; custom_margin=\u00a0\u00bb9px|||||\u00a0\u00bb]<\/p>\n<p>Janvier 2005<\/p>\n<p>[\/et_pb_text][\/et_pb_column][et_pb_column type=\u00a0\u00bb1_2&Prime; _builder_version=\u00a0\u00bb4.0.2&Prime;][et_pb_image src=\u00a0\u00bbhttps:\/\/stephaniemedieux.com\/wp-content\/uploads\/2019\/11\/La-depeche-14-mai.jpg\u00a0\u00bb _builder_version=\u00a0\u00bb4.0.2&Prime; box_shadow_style=\u00a0\u00bbpreset3&Prime;][\/et_pb_image][et_pb_text _builder_version=\u00a0\u00bb4.0.2&Prime; custom_margin=\u00a0\u00bb-5px|||||\u00a0\u00bb]<\/p>\n<p>Mai 2008<\/p>\n<p>[\/et_pb_text][\/et_pb_column][\/et_pb_row][et_pb_row column_structure=\u00a0\u00bb1_2,1_2&Prime; disabled_on=\u00a0\u00bbon|on|off\u00a0\u00bb _builder_version=\u00a0\u00bb4.0.2&Prime; max_width=\u00a0\u00bb1312px\u00a0\u00bb custom_margin=\u00a0\u00bb|auto||182px||\u00a0\u00bb][et_pb_column type=\u00a0\u00bb1_2&Prime; _builder_version=\u00a0\u00bb4.0.2&Prime;][et_pb_image src=\u00a0\u00bbhttps:\/\/stephaniemedieux.com\/wp-content\/uploads\/2019\/11\/La-Depeche-oct-09.jpg\u00a0\u00bb _builder_version=\u00a0\u00bb4.0.2&Prime; width=\u00a0\u00bb81.3%\u00a0\u00bb][\/et_pb_image][et_pb_text _builder_version=\u00a0\u00bb4.0.2&Prime; custom_margin=\u00a0\u00bb-18px|||||\u00a0\u00bb]<\/p>\n<p>Octobre 2009<\/p>\n<p>[\/et_pb_text][\/et_pb_column][et_pb_column type=\u00a0\u00bb1_2&Prime; _builder_version=\u00a0\u00bb4.0.2&Prime;][et_pb_image src=\u00a0\u00bbhttps:\/\/stephaniemedieux.com\/wp-content\/uploads\/2019\/11\/La-Depeche-11-12-12.jpg\u00a0\u00bb _builder_version=\u00a0\u00bb4.0.2&Prime; width=\u00a0\u00bb100%\u00a0\u00bb min_height=\u00a0\u00bb666px\u00a0\u00bb custom_margin=\u00a0\u00bb|70px||-100px||\u00a0\u00bb box_shadow_style=\u00a0\u00bbpreset3&Prime;][\/et_pb_image][et_pb_text _builder_version=\u00a0\u00bb4.0.2&Prime; custom_margin=\u00a0\u00bb-13px|||-98px||\u00a0\u00bb]<\/p>\n<p>D\u00e9cembre 2012<\/p>\n<p>[\/et_pb_text][\/et_pb_column][\/et_pb_row][et_pb_row disabled_on=\u00a0\u00bbon|on|off\u00a0\u00bb _builder_version=\u00a0\u00bb4.0.2&Prime; width=\u00a0\u00bb67.8%\u00a0\u00bb max_width=\u00a0\u00bb355px\u00a0\u00bb max_height=\u00a0\u00bb947px\u00a0\u00bb custom_margin=\u00a0\u00bb2px|auto||66px||\u00a0\u00bb custom_padding=\u00a0\u00bb10px||10px|18px|false|false\u00a0\u00bb hover_enabled=\u00a0\u00bb0&Prime; border_radii=\u00a0\u00bbon|1px|1px|1px|1px\u00a0\u00bb border_width_all=\u00a0\u00bb1px\u00a0\u00bb border_color_all=\u00a0\u00bbrgba(0,142,150,0.87)\u00a0\u00bb border_style_all=\u00a0\u00bbdotted\u00a0\u00bb][et_pb_column type=\u00a0\u00bb4_4&Prime; _builder_version=\u00a0\u00bb4.0.2&Prime;][et_pb_text _builder_version=\u00a0\u00bb4.0.2&Prime; text_font=\u00a0\u00bbArchivo||||||||\u00a0\u00bb text_text_color=\u00a0\u00bbrgba(0,142,150,0.87)\u00a0\u00bb text_font_size=\u00a0\u00bb19px\u00a0\u00bb text_letter_spacing=\u00a0\u00bb1px\u00a0\u00bb width=\u00a0\u00bb100%\u00a0\u00bb max_width=\u00a0\u00bb100%\u00a0\u00bb]<\/p>\n<p>Articles de La D\u00e9p\u00eache<\/p>\n<p>[\/et_pb_text][\/et_pb_column][\/et_pb_row][et_pb_row column_structure=\u00a0\u00bb1_2,1_2&Prime; disabled_on=\u00a0\u00bboff|off|on\u00a0\u00bb _builder_version=\u00a0\u00bb4.0.2&Prime; max_width=\u00a0\u00bb1312px\u00a0\u00bb custom_margin=\u00a0\u00bb|auto||66px||\u00a0\u00bb hover_enabled=\u00a0\u00bb0&Prime;][et_pb_column type=\u00a0\u00bb1_2&Prime; _builder_version=\u00a0\u00bb4.0.2&Prime;][et_pb_image src=\u00a0\u00bbhttps:\/\/stephaniemedieux.com\/wp-content\/uploads\/2019\/11\/Balma-e1574374563387.jpg\u00a0\u00bb _builder_version=\u00a0\u00bb4.0.2&Prime; custom_margin=\u00a0\u00bb||-2px|||\u00a0\u00bb][\/et_pb_image][et_pb_text _builder_version=\u00a0\u00bb4.0.2&Prime; text_text_color=\u00a0\u00bb#000000&Prime; custom_margin=\u00a0\u00bb9px|||||\u00a0\u00bb]<\/p>\n<p>Janvier 2005<\/p>\n<p>[\/et_pb_text][\/et_pb_column][et_pb_column type=\u00a0\u00bb1_2&Prime; _builder_version=\u00a0\u00bb4.0.2&Prime;][et_pb_image src=\u00a0\u00bbhttps:\/\/stephaniemedieux.com\/wp-content\/uploads\/2019\/11\/La-depeche-14-mai.jpg\u00a0\u00bb _builder_version=\u00a0\u00bb4.0.2&Prime; box_shadow_style=\u00a0\u00bbpreset3&Prime;][\/et_pb_image][et_pb_text _builder_version=\u00a0\u00bb4.0.2&Prime; custom_margin=\u00a0\u00bb-5px|||||\u00a0\u00bb]<\/p>\n<p>Mai 2008<\/p>\n<p>[\/et_pb_text][\/et_pb_column][\/et_pb_row][et_pb_row column_structure=\u00a0\u00bb1_2,1_2&Prime; disabled_on=\u00a0\u00bboff|off|on\u00a0\u00bb _builder_version=\u00a0\u00bb4.0.2&Prime; max_width=\u00a0\u00bb1312px\u00a0\u00bb custom_margin=\u00a0\u00bb|auto||69px||\u00a0\u00bb hover_enabled=\u00a0\u00bb0&Prime; custom_padding=\u00a0\u00bb2px|||||\u00a0\u00bb][et_pb_column type=\u00a0\u00bb1_2&Prime; _builder_version=\u00a0\u00bb4.0.2&Prime;][et_pb_image src=\u00a0\u00bbhttps:\/\/stephaniemedieux.com\/wp-content\/uploads\/2019\/11\/La-Depeche-oct-09.jpg\u00a0\u00bb _builder_version=\u00a0\u00bb4.0.2&Prime; width=\u00a0\u00bb81.3%\u00a0\u00bb custom_margin=\u00a0\u00bb|111px||||\u00a0\u00bb][\/et_pb_image][et_pb_text _builder_version=\u00a0\u00bb4.0.2&Prime; custom_margin=\u00a0\u00bb-18px|||||\u00a0\u00bb]<\/p>\n<p>Octobre 2009<\/p>\n<p>[\/et_pb_text][\/et_pb_column][et_pb_column type=\u00a0\u00bb1_2&Prime; _builder_version=\u00a0\u00bb4.0.2&Prime;][et_pb_image src=\u00a0\u00bbhttps:\/\/stephaniemedieux.com\/wp-content\/uploads\/2019\/11\/La-Depeche-11-12-12.jpg\u00a0\u00bb _builder_version=\u00a0\u00bb4.0.2&Prime; width=\u00a0\u00bb100%\u00a0\u00bb min_height=\u00a0\u00bb415px\u00a0\u00bb custom_margin=\u00a0\u00bb|70px|32px|1px||\u00a0\u00bb hover_enabled=\u00a0\u00bb0&Prime; box_shadow_style=\u00a0\u00bbpreset3&Prime; custom_padding=\u00a0\u00bb|0px|0px|||\u00a0\u00bb height=\u00a0\u00bb570px\u00a0\u00bb][\/et_pb_image][et_pb_text _builder_version=\u00a0\u00bb4.0.2&Prime; custom_margin=\u00a0\u00bb-13px|||3px||\u00a0\u00bb]<\/p>\n<p>D\u00e9cembre 2012<\/p>\n<p>[\/et_pb_text][\/et_pb_column][\/et_pb_row][\/et_pb_section]<\/p>\n","protected":false},"excerpt":{"rendered":"<p>Articles de La D\u00e9p\u00eacheJanvier 2005Mai 2008Octobre 2009D\u00e9cembre 2012Articles de La D\u00e9p\u00eacheJanvier 2005Mai 2008Octobre 2009D\u00e9cembre 2012<\/p>\n","protected":false},"author":1,"featured_media":0,"parent":0,"menu_order":0,"comment_status":"closed","ping_status":"closed","template":"","meta":{"_et_pb_use_builder":"on","_et_pb_old_content":"","_et_gb_content_width":"","footnotes":""},"class_list":["post-1462","page","type-page","status-publish","hentry"],"yoast_head":"<!-- This site is optimized with the Yoast SEO plugin v22.6 - https:\/\/yoast.com\/wordpress\/plugins\/seo\/ -->\n<title>Articles La Depeche - St\u00e9phanie M\u00e9dieux<\/title>\n<meta name=\"robots\" content=\"index, follow, max-snippet:-1, max-image-preview:large, max-video-preview:-1\" \/>\n<link rel=\"canonical\" href=\"https:\/\/stephaniemedieux.com\/index.php\/articles-la-depeche\/\" \/>\n<meta property=\"og:locale\" content=\"fr_FR\" \/>\n<meta property=\"og:type\" content=\"article\" \/>\n<meta property=\"og:title\" content=\"Articles La Depeche - St\u00e9phanie M\u00e9dieux\" \/>\n<meta property=\"og:description\" content=\"Articles de La D\u00e9p\u00eacheJanvier 2005Mai 2008Octobre 2009D\u00e9cembre 2012Articles de La D\u00e9p\u00eacheJanvier 2005Mai 2008Octobre 2009D\u00e9cembre 2012\" \/>\n<meta property=\"og:url\" content=\"https:\/\/stephaniemedieux.com\/index.php\/articles-la-depeche\/\" \/>\n<meta property=\"og:site_name\" content=\"St\u00e9phanie M\u00e9dieux\" \/>\n<meta property=\"article:publisher\" content=\"https:\/\/www.facebook.com\/stephaniemedieux\" \/>\n<meta property=\"article:modified_time\" content=\"2019-11-23T21:04:33+00:00\" \/>\n<meta name=\"twitter:card\" content=\"summary_large_image\" \/>\n<meta name=\"twitter:label1\" content=\"Dur\u00e9e de lecture estim\u00e9e\" \/>\n\t<meta name=\"twitter:data1\" content=\"3 minutes\" \/>\n<script type=\"application\/ld+json\" class=\"yoast-schema-graph\">{\"@context\":\"https:\/\/schema.org\",\"@graph\":[{\"@type\":\"WebPage\",\"@id\":\"https:\/\/stephaniemedieux.com\/index.php\/articles-la-depeche\/\",\"url\":\"https:\/\/stephaniemedieux.com\/index.php\/articles-la-depeche\/\",\"name\":\"Articles La Depeche - St\u00e9phanie M\u00e9dieux\",\"isPartOf\":{\"@id\":\"https:\/\/stephaniemedieux.com\/#website\"},\"datePublished\":\"2019-11-23T19:56:38+00:00\",\"dateModified\":\"2019-11-23T21:04:33+00:00\",\"breadcrumb\":{\"@id\":\"https:\/\/stephaniemedieux.com\/index.php\/articles-la-depeche\/#breadcrumb\"},\"inLanguage\":\"fr-FR\",\"potentialAction\":[{\"@type\":\"ReadAction\",\"target\":[\"https:\/\/stephaniemedieux.com\/index.php\/articles-la-depeche\/\"]}]},{\"@type\":\"BreadcrumbList\",\"@id\":\"https:\/\/stephaniemedieux.com\/index.php\/articles-la-depeche\/#breadcrumb\",\"itemListElement\":[{\"@type\":\"ListItem\",\"position\":1,\"name\":\"Accueil\",\"item\":\"https:\/\/stephaniemedieux.com\/\"},{\"@type\":\"ListItem\",\"position\":2,\"name\":\"Articles La Depeche\"}]},{\"@type\":\"WebSite\",\"@id\":\"https:\/\/stephaniemedieux.com\/#website\",\"url\":\"https:\/\/stephaniemedieux.com\/\",\"name\":\"St\u00e9phanie M\u00e9dieux\",\"description\":\"R\u00e9inventons votre int\u00e9rieur ! D\u00e9co et Home-Staging\",\"publisher\":{\"@id\":\"https:\/\/stephaniemedieux.com\/#\/schema\/person\/cd8ef2f54353e8fe33f78aa572418d1f\"},\"potentialAction\":[{\"@type\":\"SearchAction\",\"target\":{\"@type\":\"EntryPoint\",\"urlTemplate\":\"https:\/\/stephaniemedieux.com\/?s={search_term_string}\"},\"query-input\":\"required name=search_term_string\"}],\"inLanguage\":\"fr-FR\"},{\"@type\":[\"Person\",\"Organization\"],\"@id\":\"https:\/\/stephaniemedieux.com\/#\/schema\/person\/cd8ef2f54353e8fe33f78aa572418d1f\",\"name\":\"St\u00e9phanie M\u00e9dieux\",\"image\":{\"@type\":\"ImageObject\",\"inLanguage\":\"fr-FR\",\"@id\":\"https:\/\/stephaniemedieux.com\/#\/schema\/person\/image\/\",\"url\":\"https:\/\/stephaniemedieux.com\/wp-content\/uploads\/2024\/02\/Moi-NetB.jpg\",\"contentUrl\":\"https:\/\/stephaniemedieux.com\/wp-content\/uploads\/2024\/02\/Moi-NetB.jpg\",\"width\":362,\"height\":619,\"caption\":\"St\u00e9phanie M\u00e9dieux\"},\"logo\":{\"@id\":\"https:\/\/stephaniemedieux.com\/#\/schema\/person\/image\/\"},\"description\":\"St\u00e9phanie M\u00e9dieux, artiste peintre, vit et travaille dans le Sud Ouest. Ses tableaux sont riches en couleurs et en d\u00e9calages qui restituent un imperceptible mouvement. Ils sont \u00e9galement marqu\u00e9s par la tauromachie qui a souvent inspir\u00e9 ses toiles.\",\"sameAs\":[\"https:\/\/stephaniemedieux.com\/\",\"https:\/\/www.facebook.com\/stephaniemedieux\",\"https:\/\/www.instagram.com\/stephaniemedieux\/\",\"https:\/\/www.linkedin.com\/in\/stphanie-medieux\/\"]}]}<\/script>\n<!-- \/ Yoast SEO plugin. -->","yoast_head_json":{"title":"Articles La Depeche - St\u00e9phanie M\u00e9dieux","robots":{"index":"index","follow":"follow","max-snippet":"max-snippet:-1","max-image-preview":"max-image-preview:large","max-video-preview":"max-video-preview:-1"},"canonical":"https:\/\/stephaniemedieux.com\/index.php\/articles-la-depeche\/","og_locale":"fr_FR","og_type":"article","og_title":"Articles La Depeche - St\u00e9phanie M\u00e9dieux","og_description":"Articles de La D\u00e9p\u00eacheJanvier 2005Mai 2008Octobre 2009D\u00e9cembre 2012Articles de La D\u00e9p\u00eacheJanvier 2005Mai 2008Octobre 2009D\u00e9cembre 2012","og_url":"https:\/\/stephaniemedieux.com\/index.php\/articles-la-depeche\/","og_site_name":"St\u00e9phanie M\u00e9dieux","article_publisher":"https:\/\/www.facebook.com\/stephaniemedieux","article_modified_time":"2019-11-23T21:04:33+00:00","twitter_card":"summary_large_image","twitter_misc":{"Dur\u00e9e de lecture estim\u00e9e":"3 minutes"},"schema":{"@context":"https:\/\/schema.org","@graph":[{"@type":"WebPage","@id":"https:\/\/stephaniemedieux.com\/index.php\/articles-la-depeche\/","url":"https:\/\/stephaniemedieux.com\/index.php\/articles-la-depeche\/","name":"Articles La Depeche - St\u00e9phanie M\u00e9dieux","isPartOf":{"@id":"https:\/\/stephaniemedieux.com\/#website"},"datePublished":"2019-11-23T19:56:38+00:00","dateModified":"2019-11-23T21:04:33+00:00","breadcrumb":{"@id":"https:\/\/stephaniemedieux.com\/index.php\/articles-la-depeche\/#breadcrumb"},"inLanguage":"fr-FR","potentialAction":[{"@type":"ReadAction","target":["https:\/\/stephaniemedieux.com\/index.php\/articles-la-depeche\/"]}]},{"@type":"BreadcrumbList","@id":"https:\/\/stephaniemedieux.com\/index.php\/articles-la-depeche\/#breadcrumb","itemListElement":[{"@type":"ListItem","position":1,"name":"Accueil","item":"https:\/\/stephaniemedieux.com\/"},{"@type":"ListItem","position":2,"name":"Articles La Depeche"}]},{"@type":"WebSite","@id":"https:\/\/stephaniemedieux.com\/#website","url":"https:\/\/stephaniemedieux.com\/","name":"St\u00e9phanie M\u00e9dieux","description":"R\u00e9inventons votre int\u00e9rieur ! D\u00e9co et Home-Staging","publisher":{"@id":"https:\/\/stephaniemedieux.com\/#\/schema\/person\/cd8ef2f54353e8fe33f78aa572418d1f"},"potentialAction":[{"@type":"SearchAction","target":{"@type":"EntryPoint","urlTemplate":"https:\/\/stephaniemedieux.com\/?s={search_term_string}"},"query-input":"required name=search_term_string"}],"inLanguage":"fr-FR"},{"@type":["Person","Organization"],"@id":"https:\/\/stephaniemedieux.com\/#\/schema\/person\/cd8ef2f54353e8fe33f78aa572418d1f","name":"St\u00e9phanie M\u00e9dieux","image":{"@type":"ImageObject","inLanguage":"fr-FR","@id":"https:\/\/stephaniemedieux.com\/#\/schema\/person\/image\/","url":"https:\/\/stephaniemedieux.com\/wp-content\/uploads\/2024\/02\/Moi-NetB.jpg","contentUrl":"https:\/\/stephaniemedieux.com\/wp-content\/uploads\/2024\/02\/Moi-NetB.jpg","width":362,"height":619,"caption":"St\u00e9phanie M\u00e9dieux"},"logo":{"@id":"https:\/\/stephaniemedieux.com\/#\/schema\/person\/image\/"},"description":"St\u00e9phanie M\u00e9dieux, artiste peintre, vit et travaille dans le Sud Ouest. Ses tableaux sont riches en couleurs et en d\u00e9calages qui restituent un imperceptible mouvement. Ils sont \u00e9galement marqu\u00e9s par la tauromachie qui a souvent inspir\u00e9 ses toiles.","sameAs":["https:\/\/stephaniemedieux.com\/","https:\/\/www.facebook.com\/stephaniemedieux","https:\/\/www.instagram.com\/stephaniemedieux\/","https:\/\/www.linkedin.com\/in\/stphanie-medieux\/"]}]}},"_links":{"self":[{"href":"https:\/\/stephaniemedieux.com\/index.php\/wp-json\/wp\/v2\/pages\/1462","targetHints":{"allow":["GET"]}}],"collection":[{"href":"https:\/\/stephaniemedieux.com\/index.php\/wp-json\/wp\/v2\/pages"}],"about":[{"href":"https:\/\/stephaniemedieux.com\/index.php\/wp-json\/wp\/v2\/types\/page"}],"author":[{"embeddable":true,"href":"https:\/\/stephaniemedieux.com\/index.php\/wp-json\/wp\/v2\/users\/1"}],"replies":[{"embeddable":true,"href":"https:\/\/stephaniemedieux.com\/index.php\/wp-json\/wp\/v2\/comments?post=1462"}],"version-history":[{"count":11,"href":"https:\/\/stephaniemedieux.com\/index.php\/wp-json\/wp\/v2\/pages\/1462\/revisions"}],"predecessor-version":[{"id":1481,"href":"https:\/\/stephaniemedieux.com\/index.php\/wp-json\/wp\/v2\/pages\/1462\/revisions\/1481"}],"wp:attachment":[{"href":"https:\/\/stephaniemedieux.com\/index.php\/wp-json\/wp\/v2\/media?parent=1462"}],"curies":[{"name":"wp","href":"https:\/\/api.w.org\/{rel}","templated":true}]}}