{"id":1378,"date":"2019-11-23T19:00:43","date_gmt":"2019-11-23T18:00:43","guid":{"rendered":"https:\/\/stephaniemedieux.com\/?page_id=1378"},"modified":"2025-11-11T22:19:25","modified_gmt":"2025-11-11T21:19:25","slug":"article-gazette-drouot","status":"publish","type":"page","link":"https:\/\/stephaniemedieux.com\/index.php\/article-gazette-drouot\/","title":{"rendered":"Article Gazette Drouot"},"content":{"rendered":"<p>[et_pb_section fb_built=\u00a0\u00bb1&Prime; _builder_version=\u00a0\u00bb4.16&Prime; global_colors_info=\u00a0\u00bb{}\u00a0\u00bb][et_pb_row disabled_on=\u00a0\u00bbon|on|off\u00a0\u00bb _builder_version=\u00a0\u00bb4.16&Prime; width=\u00a0\u00bb90.2%\u00a0\u00bb max_width=\u00a0\u00bb1940px\u00a0\u00bb max_height=\u00a0\u00bb947px\u00a0\u00bb custom_margin=\u00a0\u00bb|auto||80px||\u00a0\u00bb custom_padding=\u00a0\u00bb33px||14px|37px|false|false\u00a0\u00bb border_radii=\u00a0\u00bbon|1px|1px|1px|1px\u00a0\u00bb border_width_all=\u00a0\u00bb1px\u00a0\u00bb border_color_all=\u00a0\u00bbrgba(0,142,150,0.87)\u00a0\u00bb border_style_all=\u00a0\u00bbdotted\u00a0\u00bb global_colors_info=\u00a0\u00bb{}\u00a0\u00bb][et_pb_column type=\u00a0\u00bb4_4&Prime; _builder_version=\u00a0\u00bb4.16&Prime; global_colors_info=\u00a0\u00bb{}\u00a0\u00bb][et_pb_text _builder_version=\u00a0\u00bb4.16&Prime; text_font=\u00a0\u00bbArchivo||||||||\u00a0\u00bb text_text_color=\u00a0\u00bbrgba(0,142,150,0.87)\u00a0\u00bb text_font_size=\u00a0\u00bb25px\u00a0\u00bb text_letter_spacing=\u00a0\u00bb1px\u00a0\u00bb global_colors_info=\u00a0\u00bb{}\u00a0\u00bb]<\/p>\n<p>La Gazette de L&rsquo;H\u00f4tel Drouot &#8211; Novembre 2001<\/p>\n<p>[\/et_pb_text][\/et_pb_column][\/et_pb_row][et_pb_row column_structure=\u00a0\u00bb1_5,3_5,1_5&Prime; disabled_on=\u00a0\u00bbon|on|off\u00a0\u00bb _builder_version=\u00a0\u00bb4.16&Prime; max_width=\u00a0\u00bb1309px\u00a0\u00bb custom_margin=\u00a0\u00bb|226px||81px||\u00a0\u00bb global_colors_info=\u00a0\u00bb{}\u00a0\u00bb][et_pb_column type=\u00a0\u00bb1_5&Prime; _builder_version=\u00a0\u00bb4.16&Prime; global_colors_info=\u00a0\u00bb{}\u00a0\u00bb][et_pb_image src=\u00a0\u00bbhttps:\/\/stephaniemedieux.com\/wp-content\/uploads\/2019\/11\/Couv-drouot.jpg\u00a0\u00bb _builder_version=\u00a0\u00bb4.16&Prime; custom_margin=\u00a0\u00bb|-35px||||\u00a0\u00bb global_colors_info=\u00a0\u00bb{}\u00a0\u00bb][\/et_pb_image][\/et_pb_column][et_pb_column type=\u00a0\u00bb3_5&Prime; _builder_version=\u00a0\u00bb4.16&Prime; global_colors_info=\u00a0\u00bb{}\u00a0\u00bb][et_pb_image src=\u00a0\u00bbhttps:\/\/stephaniemedieux.com\/wp-content\/uploads\/2019\/11\/thumbnail.jpg\u00a0\u00bb _builder_version=\u00a0\u00bb4.16&Prime; width=\u00a0\u00bb95.9%\u00a0\u00bb min_height=\u00a0\u00bb483px\u00a0\u00bb custom_margin=\u00a0\u00bb|-38px||||\u00a0\u00bb global_colors_info=\u00a0\u00bb{}\u00a0\u00bb][\/et_pb_image][\/et_pb_column][et_pb_column type=\u00a0\u00bb1_5&Prime; _builder_version=\u00a0\u00bb4.16&Prime; global_colors_info=\u00a0\u00bb{}\u00a0\u00bb][et_pb_image src=\u00a0\u00bbhttps:\/\/stephaniemedieux.com\/wp-content\/uploads\/2019\/11\/Article-Drouot.jpg\u00a0\u00bb _builder_version=\u00a0\u00bb4.27.4&Prime; custom_margin=\u00a0\u00bb|||-37px||\u00a0\u00bb hover_enabled=\u00a0\u00bb0&Prime; global_colors_info=\u00a0\u00bb{}\u00a0\u00bb url=\u00a0\u00bbhttps:\/\/stephaniemedieux.com\/wp-content\/uploads\/2019\/11\/Gazette-de-lHotel-Drouot-Novembre-2001.jpg\u00a0\u00bb sticky_enabled=\u00a0\u00bb0&Prime;][\/et_pb_image][\/et_pb_column][\/et_pb_row][et_pb_row disabled_on=\u00a0\u00bboff|off|on\u00a0\u00bb _builder_version=\u00a0\u00bb4.16&Prime; width=\u00a0\u00bb67.8%\u00a0\u00bb max_width=\u00a0\u00bb355px\u00a0\u00bb max_height=\u00a0\u00bb947px\u00a0\u00bb custom_margin=\u00a0\u00bb2px|auto||66px||\u00a0\u00bb custom_padding=\u00a0\u00bb10px||10px|18px|false|false\u00a0\u00bb border_radii=\u00a0\u00bbon|1px|1px|1px|1px\u00a0\u00bb border_width_all=\u00a0\u00bb1px\u00a0\u00bb border_color_all=\u00a0\u00bbrgba(0,142,150,0.87)\u00a0\u00bb border_style_all=\u00a0\u00bbdotted\u00a0\u00bb global_colors_info=\u00a0\u00bb{}\u00a0\u00bb][et_pb_column type=\u00a0\u00bb4_4&Prime; _builder_version=\u00a0\u00bb4.16&Prime; global_colors_info=\u00a0\u00bb{}\u00a0\u00bb][et_pb_text _builder_version=\u00a0\u00bb4.16&Prime; text_font=\u00a0\u00bbArchivo||||||||\u00a0\u00bb text_text_color=\u00a0\u00bbrgba(0,142,150,0.87)\u00a0\u00bb text_font_size=\u00a0\u00bb19px\u00a0\u00bb text_letter_spacing=\u00a0\u00bb1px\u00a0\u00bb width=\u00a0\u00bb100%\u00a0\u00bb max_width=\u00a0\u00bb100%\u00a0\u00bb global_colors_info=\u00a0\u00bb{}\u00a0\u00bb]<\/p>\n<p>La Gazette de L&rsquo;H\u00f4tel Drouot &#8211; Novembre 2001<\/p>\n<p>[\/et_pb_text][\/et_pb_column][\/et_pb_row][et_pb_row column_structure=\u00a0\u00bb1_5,3_5,1_5&Prime; disabled_on=\u00a0\u00bboff|off|on\u00a0\u00bb _builder_version=\u00a0\u00bb4.16&Prime; max_width=\u00a0\u00bb1309px\u00a0\u00bb custom_margin=\u00a0\u00bb|226px||24px||\u00a0\u00bb global_colors_info=\u00a0\u00bb{}\u00a0\u00bb][et_pb_column type=\u00a0\u00bb1_5&Prime; _builder_version=\u00a0\u00bb4.16&Prime; global_colors_info=\u00a0\u00bb{}\u00a0\u00bb][et_pb_image src=\u00a0\u00bbhttps:\/\/stephaniemedieux.com\/wp-content\/uploads\/2019\/11\/Couv-drouot.jpg\u00a0\u00bb _builder_version=\u00a0\u00bb4.16&Prime; width=\u00a0\u00bb94%\u00a0\u00bb custom_margin=\u00a0\u00bb|-35px||||\u00a0\u00bb global_colors_info=\u00a0\u00bb{}\u00a0\u00bb][\/et_pb_image][\/et_pb_column][et_pb_column type=\u00a0\u00bb3_5&Prime; _builder_version=\u00a0\u00bb4.16&Prime; global_colors_info=\u00a0\u00bb{}\u00a0\u00bb][et_pb_image src=\u00a0\u00bbhttps:\/\/stephaniemedieux.com\/wp-content\/uploads\/2019\/11\/thumbnail.jpg\u00a0\u00bb _builder_version=\u00a0\u00bb4.16&Prime; width=\u00a0\u00bb95.9%\u00a0\u00bb min_height=\u00a0\u00bb483px\u00a0\u00bb custom_margin=\u00a0\u00bb|-38px||||\u00a0\u00bb global_colors_info=\u00a0\u00bb{}\u00a0\u00bb][\/et_pb_image][\/et_pb_column][et_pb_column type=\u00a0\u00bb1_5&Prime; _builder_version=\u00a0\u00bb4.16&Prime; global_colors_info=\u00a0\u00bb{}\u00a0\u00bb][et_pb_image src=\u00a0\u00bbhttps:\/\/stephaniemedieux.com\/wp-content\/uploads\/2019\/11\/Article-Drouot.jpg\u00a0\u00bb _builder_version=\u00a0\u00bb4.27.4&Prime; width=\u00a0\u00bb95.9%\u00a0\u00bb custom_margin=\u00a0\u00bb|||10px||\u00a0\u00bb custom_padding=\u00a0\u00bb|||24px||\u00a0\u00bb hover_enabled=\u00a0\u00bb0&Prime; global_colors_info=\u00a0\u00bb{}\u00a0\u00bb url=\u00a0\u00bbhttps:\/\/stephaniemedieux.com\/wp-content\/uploads\/2019\/11\/Gazette-de-lHotel-Drouot-Novembre-2001.jpg\u00a0\u00bb sticky_enabled=\u00a0\u00bb0&Prime;][\/et_pb_image][\/et_pb_column][\/et_pb_row][\/et_pb_section]<\/p>\n","protected":false},"excerpt":{"rendered":"<p>La Gazette de L&rsquo;H\u00f4tel Drouot &#8211; Novembre 2001La Gazette de L&rsquo;H\u00f4tel Drouot &#8211; Novembre 2001<\/p>\n","protected":false},"author":1,"featured_media":0,"parent":0,"menu_order":0,"comment_status":"closed","ping_status":"closed","template":"","meta":{"_et_pb_use_builder":"on","_et_pb_old_content":"","_et_gb_content_width":"","footnotes":""},"class_list":["post-1378","page","type-page","status-publish","hentry"],"yoast_head":"<!-- This site is optimized with the Yoast SEO plugin v22.6 - https:\/\/yoast.com\/wordpress\/plugins\/seo\/ -->\n<title>Article Gazette Drouot - St\u00e9phanie M\u00e9dieux<\/title>\n<meta name=\"robots\" content=\"index, follow, max-snippet:-1, max-image-preview:large, max-video-preview:-1\" \/>\n<link rel=\"canonical\" href=\"https:\/\/stephaniemedieux.com\/index.php\/article-gazette-drouot\/\" \/>\n<meta property=\"og:locale\" content=\"fr_FR\" \/>\n<meta property=\"og:type\" content=\"article\" \/>\n<meta property=\"og:title\" content=\"Article Gazette Drouot - St\u00e9phanie M\u00e9dieux\" \/>\n<meta property=\"og:description\" content=\"La Gazette de L&#039;H\u00f4tel Drouot - Novembre 2001La Gazette de L&#039;H\u00f4tel Drouot - Novembre 2001\" \/>\n<meta property=\"og:url\" content=\"https:\/\/stephaniemedieux.com\/index.php\/article-gazette-drouot\/\" \/>\n<meta property=\"og:site_name\" content=\"St\u00e9phanie M\u00e9dieux\" \/>\n<meta property=\"article:publisher\" content=\"https:\/\/www.facebook.com\/stephaniemedieux\" \/>\n<meta property=\"article:modified_time\" content=\"2025-11-11T21:19:25+00:00\" \/>\n<meta name=\"twitter:card\" content=\"summary_large_image\" \/>\n<meta name=\"twitter:label1\" content=\"Dur\u00e9e de lecture estim\u00e9e\" \/>\n\t<meta name=\"twitter:data1\" content=\"3 minutes\" \/>\n<script type=\"application\/ld+json\" class=\"yoast-schema-graph\">{\"@context\":\"https:\/\/schema.org\",\"@graph\":[{\"@type\":\"WebPage\",\"@id\":\"https:\/\/stephaniemedieux.com\/index.php\/article-gazette-drouot\/\",\"url\":\"https:\/\/stephaniemedieux.com\/index.php\/article-gazette-drouot\/\",\"name\":\"Article Gazette Drouot - St\u00e9phanie M\u00e9dieux\",\"isPartOf\":{\"@id\":\"https:\/\/stephaniemedieux.com\/#website\"},\"datePublished\":\"2019-11-23T18:00:43+00:00\",\"dateModified\":\"2025-11-11T21:19:25+00:00\",\"breadcrumb\":{\"@id\":\"https:\/\/stephaniemedieux.com\/index.php\/article-gazette-drouot\/#breadcrumb\"},\"inLanguage\":\"fr-FR\",\"potentialAction\":[{\"@type\":\"ReadAction\",\"target\":[\"https:\/\/stephaniemedieux.com\/index.php\/article-gazette-drouot\/\"]}]},{\"@type\":\"BreadcrumbList\",\"@id\":\"https:\/\/stephaniemedieux.com\/index.php\/article-gazette-drouot\/#breadcrumb\",\"itemListElement\":[{\"@type\":\"ListItem\",\"position\":1,\"name\":\"Accueil\",\"item\":\"https:\/\/stephaniemedieux.com\/\"},{\"@type\":\"ListItem\",\"position\":2,\"name\":\"Article Gazette Drouot\"}]},{\"@type\":\"WebSite\",\"@id\":\"https:\/\/stephaniemedieux.com\/#website\",\"url\":\"https:\/\/stephaniemedieux.com\/\",\"name\":\"St\u00e9phanie M\u00e9dieux\",\"description\":\"R\u00e9inventons votre int\u00e9rieur ! D\u00e9co et Home-Staging\",\"publisher\":{\"@id\":\"https:\/\/stephaniemedieux.com\/#\/schema\/person\/cd8ef2f54353e8fe33f78aa572418d1f\"},\"potentialAction\":[{\"@type\":\"SearchAction\",\"target\":{\"@type\":\"EntryPoint\",\"urlTemplate\":\"https:\/\/stephaniemedieux.com\/?s={search_term_string}\"},\"query-input\":\"required name=search_term_string\"}],\"inLanguage\":\"fr-FR\"},{\"@type\":[\"Person\",\"Organization\"],\"@id\":\"https:\/\/stephaniemedieux.com\/#\/schema\/person\/cd8ef2f54353e8fe33f78aa572418d1f\",\"name\":\"St\u00e9phanie M\u00e9dieux\",\"image\":{\"@type\":\"ImageObject\",\"inLanguage\":\"fr-FR\",\"@id\":\"https:\/\/stephaniemedieux.com\/#\/schema\/person\/image\/\",\"url\":\"https:\/\/stephaniemedieux.com\/wp-content\/uploads\/2024\/02\/Moi-NetB.jpg\",\"contentUrl\":\"https:\/\/stephaniemedieux.com\/wp-content\/uploads\/2024\/02\/Moi-NetB.jpg\",\"width\":362,\"height\":619,\"caption\":\"St\u00e9phanie M\u00e9dieux\"},\"logo\":{\"@id\":\"https:\/\/stephaniemedieux.com\/#\/schema\/person\/image\/\"},\"description\":\"St\u00e9phanie M\u00e9dieux, artiste peintre, vit et travaille dans le Sud Ouest. Ses tableaux sont riches en couleurs et en d\u00e9calages qui restituent un imperceptible mouvement. Ils sont \u00e9galement marqu\u00e9s par la tauromachie qui a souvent inspir\u00e9 ses toiles.\",\"sameAs\":[\"https:\/\/stephaniemedieux.com\/\",\"https:\/\/www.facebook.com\/stephaniemedieux\",\"https:\/\/www.instagram.com\/stephaniemedieux\/\",\"https:\/\/www.linkedin.com\/in\/stphanie-medieux\/\"]}]}<\/script>\n<!-- \/ Yoast SEO plugin. -->","yoast_head_json":{"title":"Article Gazette Drouot - St\u00e9phanie M\u00e9dieux","robots":{"index":"index","follow":"follow","max-snippet":"max-snippet:-1","max-image-preview":"max-image-preview:large","max-video-preview":"max-video-preview:-1"},"canonical":"https:\/\/stephaniemedieux.com\/index.php\/article-gazette-drouot\/","og_locale":"fr_FR","og_type":"article","og_title":"Article Gazette Drouot - St\u00e9phanie M\u00e9dieux","og_description":"La Gazette de L'H\u00f4tel Drouot - Novembre 2001La Gazette de L'H\u00f4tel Drouot - Novembre 2001","og_url":"https:\/\/stephaniemedieux.com\/index.php\/article-gazette-drouot\/","og_site_name":"St\u00e9phanie M\u00e9dieux","article_publisher":"https:\/\/www.facebook.com\/stephaniemedieux","article_modified_time":"2025-11-11T21:19:25+00:00","twitter_card":"summary_large_image","twitter_misc":{"Dur\u00e9e de lecture estim\u00e9e":"3 minutes"},"schema":{"@context":"https:\/\/schema.org","@graph":[{"@type":"WebPage","@id":"https:\/\/stephaniemedieux.com\/index.php\/article-gazette-drouot\/","url":"https:\/\/stephaniemedieux.com\/index.php\/article-gazette-drouot\/","name":"Article Gazette Drouot - St\u00e9phanie M\u00e9dieux","isPartOf":{"@id":"https:\/\/stephaniemedieux.com\/#website"},"datePublished":"2019-11-23T18:00:43+00:00","dateModified":"2025-11-11T21:19:25+00:00","breadcrumb":{"@id":"https:\/\/stephaniemedieux.com\/index.php\/article-gazette-drouot\/#breadcrumb"},"inLanguage":"fr-FR","potentialAction":[{"@type":"ReadAction","target":["https:\/\/stephaniemedieux.com\/index.php\/article-gazette-drouot\/"]}]},{"@type":"BreadcrumbList","@id":"https:\/\/stephaniemedieux.com\/index.php\/article-gazette-drouot\/#breadcrumb","itemListElement":[{"@type":"ListItem","position":1,"name":"Accueil","item":"https:\/\/stephaniemedieux.com\/"},{"@type":"ListItem","position":2,"name":"Article Gazette Drouot"}]},{"@type":"WebSite","@id":"https:\/\/stephaniemedieux.com\/#website","url":"https:\/\/stephaniemedieux.com\/","name":"St\u00e9phanie M\u00e9dieux","description":"R\u00e9inventons votre int\u00e9rieur ! D\u00e9co et Home-Staging","publisher":{"@id":"https:\/\/stephaniemedieux.com\/#\/schema\/person\/cd8ef2f54353e8fe33f78aa572418d1f"},"potentialAction":[{"@type":"SearchAction","target":{"@type":"EntryPoint","urlTemplate":"https:\/\/stephaniemedieux.com\/?s={search_term_string}"},"query-input":"required name=search_term_string"}],"inLanguage":"fr-FR"},{"@type":["Person","Organization"],"@id":"https:\/\/stephaniemedieux.com\/#\/schema\/person\/cd8ef2f54353e8fe33f78aa572418d1f","name":"St\u00e9phanie M\u00e9dieux","image":{"@type":"ImageObject","inLanguage":"fr-FR","@id":"https:\/\/stephaniemedieux.com\/#\/schema\/person\/image\/","url":"https:\/\/stephaniemedieux.com\/wp-content\/uploads\/2024\/02\/Moi-NetB.jpg","contentUrl":"https:\/\/stephaniemedieux.com\/wp-content\/uploads\/2024\/02\/Moi-NetB.jpg","width":362,"height":619,"caption":"St\u00e9phanie M\u00e9dieux"},"logo":{"@id":"https:\/\/stephaniemedieux.com\/#\/schema\/person\/image\/"},"description":"St\u00e9phanie M\u00e9dieux, artiste peintre, vit et travaille dans le Sud Ouest. Ses tableaux sont riches en couleurs et en d\u00e9calages qui restituent un imperceptible mouvement. Ils sont \u00e9galement marqu\u00e9s par la tauromachie qui a souvent inspir\u00e9 ses toiles.","sameAs":["https:\/\/stephaniemedieux.com\/","https:\/\/www.facebook.com\/stephaniemedieux","https:\/\/www.instagram.com\/stephaniemedieux\/","https:\/\/www.linkedin.com\/in\/stphanie-medieux\/"]}]}},"_links":{"self":[{"href":"https:\/\/stephaniemedieux.com\/index.php\/wp-json\/wp\/v2\/pages\/1378","targetHints":{"allow":["GET"]}}],"collection":[{"href":"https:\/\/stephaniemedieux.com\/index.php\/wp-json\/wp\/v2\/pages"}],"about":[{"href":"https:\/\/stephaniemedieux.com\/index.php\/wp-json\/wp\/v2\/types\/page"}],"author":[{"embeddable":true,"href":"https:\/\/stephaniemedieux.com\/index.php\/wp-json\/wp\/v2\/users\/1"}],"replies":[{"embeddable":true,"href":"https:\/\/stephaniemedieux.com\/index.php\/wp-json\/wp\/v2\/comments?post=1378"}],"version-history":[{"count":11,"href":"https:\/\/stephaniemedieux.com\/index.php\/wp-json\/wp\/v2\/pages\/1378\/revisions"}],"predecessor-version":[{"id":5874,"href":"https:\/\/stephaniemedieux.com\/index.php\/wp-json\/wp\/v2\/pages\/1378\/revisions\/5874"}],"wp:attachment":[{"href":"https:\/\/stephaniemedieux.com\/index.php\/wp-json\/wp\/v2\/media?parent=1378"}],"curies":[{"name":"wp","href":"https:\/\/api.w.org\/{rel}","templated":true}]}}